{"id":6515,"date":"2022-06-08T12:06:51","date_gmt":"2022-06-08T09:06:51","guid":{"rendered":"https:\/\/www.yilmazkumas.com.tr\/about-us\/"},"modified":"2022-10-11T17:51:13","modified_gmt":"2022-10-11T14:51:13","slug":"hakkimizda","status":"publish","type":"page","link":"https:\/\/www.yilmazkumas.com.tr\/tr\/hakkimizda\/","title":{"rendered":"Hakk\u0131m\u0131zda"},"content":{"rendered":"<p>[vc_row full_width=&#8221;stretch_row_content_no_spaces&#8221;][vc_column]\n\t\t\t<!-- START Slider 2 tr REVOLUTION SLIDER 6.5.24 --><p class=\"rs-p-wp-fix\"><\/p>\n\t\t\t<rs-module-wrap id=\"rev_slider_51_1_wrapper\" data-source=\"gallery\" style=\"visibility:hidden;background:transparent;padding:0;margin:0px auto;margin-top:0;margin-bottom:0;\">\n\t\t\t\t<rs-module id=\"rev_slider_51_1\" style=\"\" data-version=\"6.5.24\">\n\t\t\t\t\t<rs-slides>\n\t\t\t\t\t\t<rs-slide style=\"position: absolute;\" data-key=\"rs-75\" data-title=\"Slide\" data-in=\"o:0;\" data-out=\"a:false;\">\n\t\t\t\t\t\t\t<img src=\"\/\/www.yilmazkumas.com.tr\/wp-content\/plugins\/revslider\/public\/assets\/assets\/dummy.png\" alt=\"\" title=\"aboutusbackground\" width=\"1920\" height=\"1080\" class=\"rev-slidebg tp-rs-img rs-lazyload\" data-lazyload=\"\/\/www.yilmazkumas.com.tr\/wp-content\/uploads\/2022\/08\/aboutusbackground.jpg\" data-bg=\"p:left center;\" data-no-retina>\n<!--\n\t\t\t\t\t\t\t--><rs-layer\n\t\t\t\t\t\t\t\tid=\"slider-51-slide-75-layer-0\" \n\t\t\t\t\t\t\t\tdata-type=\"image\"\n\t\t\t\t\t\t\t\tdata-xy=\"x:l,l,c,c;xo:447px,447px,57px,29px;y:t,t,m,m;yo:301px,301px,94px,25px;\"\n\t\t\t\t\t\t\t\tdata-text=\"w:normal;\"\n\t\t\t\t\t\t\t\tdata-dim=\"w:539px,539px,403px,234px;h:168px,168px,126px,73px;\"\n\t\t\t\t\t\t\t\tdata-rsp_o=\"off\"\n\t\t\t\t\t\t\t\tdata-rsp_bd=\"off\"\n\t\t\t\t\t\t\t\tdata-frame_1=\"e:power4.inOut;sp:1200;\"\n\t\t\t\t\t\t\t\tdata-frame_1_sfx=\"se:blocktoleft;\"\n\t\t\t\t\t\t\t\tdata-frame_999=\"o:0;st:w;\"\n\t\t\t\t\t\t\t\tstyle=\"z-index:8;\"\n\t\t\t\t\t\t\t><img src=\"\/\/www.yilmazkumas.com.tr\/wp-content\/plugins\/revslider\/public\/assets\/assets\/dummy.png\" alt=\"\" class=\"tp-rs-img rs-lazyload\" width=\"8000\" height=\"2500\" data-lazyload=\"\/\/www.yilmazkumas.com.tr\/wp-content\/uploads\/2022\/09\/Yilmaz-03-011.png\" data-no-retina> \n\t\t\t\t\t\t\t<\/rs-layer><!--\n\n\t\t\t\t\t\t\t--><rs-layer\n\t\t\t\t\t\t\t\tid=\"slider-51-slide-75-layer-1\" \n\t\t\t\t\t\t\t\tdata-type=\"text\"\n\t\t\t\t\t\t\t\tdata-xy=\"x:l,l,l,c;xo:451px,451px,419px,237px;y:t,t,t,m;yo:231px,231px,131px,-18px;\"\n\t\t\t\t\t\t\t\tdata-text=\"w:normal;s:36,36,34,28;l:44,44,42,34;\"\n\t\t\t\t\t\t\t\tdata-dim=\"w:820px,820px,739px,606px;\"\n\t\t\t\t\t\t\t\tdata-vbility=\"t,f,f,f\"\n\t\t\t\t\t\t\t\tdata-rsp_o=\"off\"\n\t\t\t\t\t\t\t\tdata-rsp_bd=\"off\"\n\t\t\t\t\t\t\t\tdata-frame_1=\"e:power4.inOut;sp:1200;\"\n\t\t\t\t\t\t\t\tdata-frame_1_sfx=\"se:blocktoleft;\"\n\t\t\t\t\t\t\t\tdata-frame_999=\"o:0;st:w;\"\n\t\t\t\t\t\t\t\tstyle=\"z-index:9;font-family:'Roboto';\"\n\t\t\t\t\t\t\t><h1 style=\"color:white; font-family:athena-regular;  font-size:90px;\">Modern Tasar\u0131mlar<\/h1> \n\t\t\t\t\t\t\t<\/rs-layer><!--\n\n\t\t\t\t\t\t\t--><rs-layer\n\t\t\t\t\t\t\t\tid=\"slider-51-slide-75-layer-2\" \n\t\t\t\t\t\t\t\tdata-type=\"text\"\n\t\t\t\t\t\t\t\tdata-xy=\"xo:50px,50px,50px,101px;yo:50px,50px,50px,43px;\"\n\t\t\t\t\t\t\t\tdata-text=\"w:normal;s:20,20,20,16;l:25,25,25,21;\"\n\t\t\t\t\t\t\t\tdata-vbility=\"f,f,f,t\"\n\t\t\t\t\t\t\t\tdata-rsp_o=\"off\"\n\t\t\t\t\t\t\t\tdata-rsp_bd=\"off\"\n\t\t\t\t\t\t\t\tdata-frame_0=\"x:0,0,0,0px;y:0,0,0,0px;\"\n\t\t\t\t\t\t\t\tdata-frame_1=\"x:0,0,0,0px;y:0,0,0,0px;\"\n\t\t\t\t\t\t\t\tdata-frame_999=\"o:0;st:w;\"\n\t\t\t\t\t\t\t\tstyle=\"z-index:10;font-family:'Roboto';\"\n\t\t\t\t\t\t\t><h1 style=\"color:white; font-family:athena-regular;  font-size:30px;\">Modern Tasar\u0131mlar<\/h1> \n\t\t\t\t\t\t\t<\/rs-layer><!--\n\n\t\t\t\t\t\t\t--><rs-layer\n\t\t\t\t\t\t\t\tid=\"slider-51-slide-75-layer-3\" \n\t\t\t\t\t\t\t\tdata-type=\"text\"\n\t\t\t\t\t\t\t\tdata-xy=\"xo:50px,50px,248px,248px;yo:50px,50px,202px,202px;\"\n\t\t\t\t\t\t\t\tdata-text=\"w:normal;\"\n\t\t\t\t\t\t\t\tdata-dim=\"w:auto,auto,556px,556px;\"\n\t\t\t\t\t\t\t\tdata-vbility=\"f,f,t,f\"\n\t\t\t\t\t\t\t\tdata-rsp_o=\"off\"\n\t\t\t\t\t\t\t\tdata-rsp_bd=\"off\"\n\t\t\t\t\t\t\t\tdata-frame_999=\"o:0;st:w;\"\n\t\t\t\t\t\t\t\tstyle=\"z-index:11;font-family:'Roboto';\"\n\t\t\t\t\t\t\t><h1 style=\"color:white; font-family:athena-regular;  font-size:60px;\">Modern Tasar\u0131mlar<\/h1> \n\t\t\t\t\t\t\t<\/rs-layer><!--\n-->\t\t\t\t\t\t<\/rs-slide>\n\t\t\t\t\t<\/rs-slides>\n\t\t\t\t<\/rs-module>\n\t\t\t\t<script>\n\t\t\t\t\tsetREVStartSize({c: 'rev_slider_51_1',rl:[1920,1024,778,480],el:[500,720,460,220],gw:[1280,1280,778,480],gh:[500,720,460,220],type:'standard',justify:'',layout:'fullwidth',mh:\"0\"});if (window.RS_MODULES!==undefined && window.RS_MODULES.modules!==undefined && window.RS_MODULES.modules[\"revslider511\"]!==undefined) {window.RS_MODULES.modules[\"revslider511\"].once = false;window.revapi51 = undefined;if (window.RS_MODULES.checkMinimal!==undefined) window.RS_MODULES.checkMinimal()}\n\t\t\t\t<\/script>\n\t\t\t<\/rs-module-wrap>\n\t\t\t<!-- END REVOLUTION SLIDER -->\n[\/vc_column][\/vc_row][vc_row css=&#8221;.vc_custom_1655377613314{padding-top: 60px !important;padding-bottom: 120px !important;}&#8221;][vc_column width=&#8221;1\/6&#8243;][\/vc_column][vc_column width=&#8221;2\/3&#8243;][vc_column_text css_animation=&#8221;fadeIn&#8221; css=&#8221;.vc_custom_1665499753017{margin-top: 70px !important;}&#8221;]<\/p>\n<p style=\"font-family: athena-regular; text-align: center; font-size: 33px; color: black;\">Hakk\u0131m\u0131zda<\/p>\n<p>&nbsp;<\/p>\n<p style=\"font-size: 22px; text-align: center;\">YILMAZ, 1992 y\u0131l\u0131nda \u0130stanbulda, kalite, inovasyon ve i\u015f\u00e7ili\u011fi merkezine alan bir anlay\u0131\u015fla kurulmu\u015ftur.<\/p>\n<p style=\"font-size: 22px; text-align: center;\">Ge\u00e7mi\u015ften gelen d\u0131\u015f giyim tekstil \u00fcr\u00fcnleri \u00fcretimi tecr\u00fcbemizi katt\u0131\u011f\u0131m\u0131z YILMAZ Kuma\u015f olarak bizler, kaliteyi\u00a0 \u00f6n planda tutan m\u00fc\u015fteri odakl\u0131 yakla\u015f\u0131m\u0131 benimsiyoruz.<\/p>\n<p>&nbsp;<\/p>\n<p style=\"font-size: 22px; text-align: center;\">Esnek \u00fcretim anlay\u0131\u015f\u0131 ile geni\u015f bir \u00fcr\u00fcn yelpazesi sunuyor ve farkl\u0131 kuma\u015f t\u00fcrlerinde ham kuma\u015f sto\u011fu ile h\u0131zl\u0131 teslimat sa\u011fl\u0131yoruz.<\/p>\n<p>&nbsp;<\/p>\n<p style=\"font-size: 22px; text-align: center;\">Ba\u015fta Almanya, \u0130spanya, \u0130ngiltere, Fransa, Hollanda, Do\u011fu Avrupa ve Amerika Birle\u015fik Devletleri olmak \u00fczere i\u00e7 ve d\u0131\u015f pazarlarda geni\u015f bir m\u00fc\u015fteri yelpazesine servis veriyoruz.<\/p>\n<p>&nbsp;<\/p>\n<p style=\"font-size: 22px; text-align: center;\"><em>Ana hedefimiz, g\u00fcn\u00fcm\u00fcz\u00fcn de\u011fi\u015fen trendlerine ve end\u00fcstri taleplerine uygun, modern tasar\u0131mlarla tekstil end\u00fcstrisinde yeni olas\u0131l\u0131klar\u0131 \u015fekillendirmektir.<\/em><\/p>\n<p>[\/vc_column_text][\/vc_column][vc_column width=&#8221;1\/6&#8243;][\/vc_column][\/vc_row][vc_row css=&#8221;.vc_custom_1655377656185{padding-bottom: 150px !important;}&#8221;][vc_column width=&#8221;1\/4&#8243; offset=&#8221;vc_hidden-md vc_hidden-sm vc_hidden-xs&#8221;][vc_single_image image=&#8221;4935&#8243; img_size=&#8221;292&#215;278&#8243; css=&#8221;.vc_custom_1655367912587{margin-bottom: 0px !important;padding-bottom: 0px !important;}&#8221; el_class=&#8221;bw-image2&#8243;][vc_column_text]<\/p>\n<p style=\"font-size: 40px; font-family: athena-regular; text-align: center; color: black; margin-top: 100px;\">24 Milyon<\/p>\n<p style=\"text-align: center; font-family: athena-regular; color: black;\">Y\u0131ll\u0131k \u00dcretim Kapasitesi<\/p>\n<p>[\/vc_column_text][\/vc_column][vc_column width=&#8221;1\/4&#8243; offset=&#8221;vc_hidden-md vc_hidden-sm vc_hidden-xs&#8221;][vc_column_text]<\/p>\n<p style=\"font-size: 60px; font-family: athena-regular; padding-left: 37px; text-align: center; color: black; margin-top: 60px;\">1992<\/p>\n<p style=\"text-align: center; padding-left: 36px; margin-bottom: 70px; font-family: athena-regular; color: black;\">Kurulu\u015f<\/p>\n<p>[\/vc_column_text][vc_single_image image=&#8221;4961&#8243; img_size=&#8221;292&#215;278&#8243; css=&#8221;.vc_custom_1655367858388{margin-bottom: 0px !important;padding-bottom: 0px !important;}&#8221; el_class=&#8221;bw-image&#8221;][\/vc_column][vc_column width=&#8221;1\/4&#8243; offset=&#8221;vc_hidden-md vc_hidden-sm vc_hidden-xs&#8221;][vc_single_image image=&#8221;4956&#8243; img_size=&#8221;292&#215;278&#8243; css=&#8221;.vc_custom_1654688155692{margin-bottom: 0px !important;padding-bottom: 0px !important;}&#8221; el_class=&#8221;bw-image&#8221;][vc_column_text]<\/p>\n<p style=\"font-size: 40px; font-family: athena-regular; padding-left: 30px; text-align: center; color: black; margin-top: 60px;\">\u00c7erkezk\u00f6y, 2017<\/p>\n<p style=\"text-align: center; font-family: athena-regular; color: black; padding-left: 25px;\">\u0130stanbul Boyahanesi,<\/p>\n<p style=\"text-align: center; font-family: athena-regular; color: black; padding-left: 25px;\">\u00dcretim Tesisi<\/p>\n<p>[\/vc_column_text][\/vc_column][vc_column width=&#8221;1\/4&#8243; offset=&#8221;vc_hidden-md vc_hidden-sm vc_hidden-xs&#8221;][vc_column_text]<\/p>\n<p style=\"font-size: 50px; font-family: athena-regular; text-align: center; color: black; padding-left: 45px; margin-top: 35px;\">1200 m\u00b2,<\/p>\n<p style=\"font-size: 40px; margin-top: 0px; padding-left: 45px; font-family: athena-regular; text-align: center; color: black;\">Istanbul,<\/p>\n<p style=\"text-align: center; margin-bottom: 20px; padding-left: 50px; margin-top: 20px; font-family: athena-regular; color: black;\">Showroom &amp; Depo<\/p>\n<p>[\/vc_column_text][vc_single_image image=&#8221;5273&#8243; img_size=&#8221;292&#215;278&#8243; css=&#8221;.vc_custom_1655205322992{margin-bottom: 0px !important;padding-bottom: 0px !important;}&#8221; el_class=&#8221;bw-image&#8221;][\/vc_column][\/vc_row][vc_row][vc_column offset=&#8221;vc_hidden-lg vc_hidden-xs&#8221;][vc_row_inner][vc_column_inner width=&#8221;1\/2&#8243;][vc_single_image image=&#8221;4935&#8243; img_size=&#8221;292&#215;278&#8243; alignment=&#8221;center&#8221; css=&#8221;.vc_custom_1654775463053{margin-bottom: 0px !important;padding-bottom: 0px !important;}&#8221; el_class=&#8221;bw-image&#8221;][\/vc_column_inner][vc_column_inner width=&#8221;1\/2&#8243;][vc_column_text]<\/p>\n<p style=\"font-size: 60px; font-family: athena-regular; text-align: center; color: black; padding-top: 80px;\">1992<\/p>\n<p style=\"text-align: center; font-family: athena-regular; color: black;\">Kurulu\u015f<\/p>\n<p>[\/vc_column_text][\/vc_column_inner][\/vc_row_inner][\/vc_column][\/vc_row][vc_row][vc_column offset=&#8221;vc_hidden-lg vc_hidden-xs&#8221;][vc_empty_space][\/vc_column][\/vc_row][vc_row][vc_column offset=&#8221;vc_hidden-lg vc_hidden-xs&#8221;][vc_row_inner][vc_column_inner width=&#8221;1\/2&#8243;][vc_single_image image=&#8221;4956&#8243; img_size=&#8221;292&#215;278&#8243; alignment=&#8221;center&#8221; css=&#8221;.vc_custom_1654775469383{margin-bottom: 0px !important;padding-bottom: 0px !important;}&#8221; el_class=&#8221;bw-image&#8221;][\/vc_column_inner][vc_column_inner width=&#8221;1\/2&#8243;][vc_column_text]<\/p>\n<p style=\"font-size: 60px; font-family: athena-regular; text-align: center; color: black; padding-top: 40px;\">1200 m\u00b2,<\/p>\n<p style=\"font-size: 40px; font-family: athena-regular; text-align: center; color: black;\">Istanbul,<\/p>\n<p style=\"text-align: center; margin-bottom: 20px; margin-top: 20px; font-family: athena-regular; color: black;\">Showroom &amp; Depo<\/p>\n<p>[\/vc_column_text][\/vc_column_inner][\/vc_row_inner][\/vc_column][\/vc_row][vc_row][vc_column offset=&#8221;vc_hidden-lg vc_hidden-xs&#8221;][vc_empty_space][\/vc_column][\/vc_row][vc_row][vc_column offset=&#8221;vc_hidden-lg vc_hidden-xs&#8221;][vc_row_inner][vc_column_inner width=&#8221;1\/2&#8243;][vc_single_image image=&#8221;4961&#8243; img_size=&#8221;292&#215;278&#8243; css=&#8221;.vc_custom_1654688400828{margin-bottom: 0px !important;padding-bottom: 0px !important;}&#8221; el_class=&#8221;bw-image&#8221;][\/vc_column_inner][vc_column_inner width=&#8221;1\/2&#8243;][vc_column_text]<\/p>\n<p style=\"font-size: 50px; font-family: athena-regular; text-align: center; color: black; margin-top: 90px;\">24 Milyon<\/p>\n<p style=\"text-align: center; font-family: athena-regular; color: black;\">Y\u0131ll\u0131k \u00dcretim Kapasitesi<\/p>\n<p>[\/vc_column_text][\/vc_column_inner][\/vc_row_inner][\/vc_column][\/vc_row][vc_row][vc_column offset=&#8221;vc_hidden-lg vc_hidden-xs&#8221;][vc_empty_space][\/vc_column][\/vc_row][vc_row][vc_column offset=&#8221;vc_hidden-lg vc_hidden-xs&#8221;][vc_row_inner][vc_column_inner width=&#8221;1\/2&#8243;][vc_single_image image=&#8221;5273&#8243; img_size=&#8221;292&#215;278&#8243; css=&#8221;.vc_custom_1655205345532{margin-bottom: 0px !important;padding-bottom: 0px !important;}&#8221; el_class=&#8221;bw-image&#8221;][\/vc_column_inner][vc_column_inner width=&#8221;1\/2&#8243;][vc_column_text]<\/p>\n<p style=\"font-size: 40px; font-family: athena-regular; text-align: center; color: black; margin-top: 80px;\">\u00c7erkezk\u00f6y, 2017<\/p>\n<p style=\"text-align: center; font-family: athena-regular; color: black;\">\u0130stanbul Boyahanesi,<\/p>\n<p style=\"text-align: center; font-family: athena-regular; color: black;\">\u00dcretim Tesisi<\/p>\n<p>[\/vc_column_text][\/vc_column_inner][\/vc_row_inner][\/vc_column][\/vc_row][vc_row][vc_column offset=&#8221;vc_hidden-lg vc_hidden-xs&#8221;][vc_empty_space][\/vc_column][\/vc_row][vc_row][vc_column offset=&#8221;vc_hidden-lg vc_hidden-md vc_hidden-sm&#8221;][vc_single_image image=&#8221;4935&#8243; img_size=&#8221;292&#215;278&#8243; alignment=&#8221;center&#8221; css=&#8221;.vc_custom_1654777931664{margin-bottom: 0px !important;padding-bottom: 0px !important;}&#8221; el_class=&#8221;bw-image&#8221;][vc_column_text]<\/p>\n<p style=\"font-size: 60px; font-family: athena-regular; color: black; padding-top: 20px; text-align: left;\">1992<\/p>\n<p style=\"font-family: athena-regular; color: black; text-align: left;\">Kurulu\u015f<\/p>\n<p>[\/vc_column_text][\/vc_column][\/vc_row][vc_row][vc_column offset=&#8221;vc_hidden-lg vc_hidden-md vc_hidden-sm&#8221;][vc_single_image image=&#8221;4956&#8243; img_size=&#8221;292&#215;278&#8243; alignment=&#8221;center&#8221; css=&#8221;.vc_custom_1654775469383{margin-bottom: 0px !important;padding-bottom: 0px !important;}&#8221; el_class=&#8221;bw-image&#8221;][vc_column_text]<\/p>\n<p style=\"font-size: 60px; font-family: athena-regular; color: black; padding-top: 40px; text-align: left;\">1200 m\u00b2,<\/p>\n<p style=\"font-size: 40px; font-family: athena-regular; color: black; text-align: left;\">Istanbul,<\/p>\n<p style=\"margin-bottom: 20px; margin-top: 20px; font-family: athena-regular; color: black; text-align: left;\">Showroom &amp; Depo<\/p>\n<p>[\/vc_column_text][\/vc_column][\/vc_row][vc_row][vc_column offset=&#8221;vc_hidden-lg vc_hidden-md vc_hidden-sm&#8221;][vc_single_image image=&#8221;4961&#8243; img_size=&#8221;292&#215;278&#8243; css=&#8221;.vc_custom_1654688400828{margin-bottom: 0px !important;padding-bottom: 0px !important;}&#8221; el_class=&#8221;bw-image&#8221;][vc_column_text]<\/p>\n<p style=\"font-size: 50px; font-family: athena-regular; color: black; margin-top: 40px; text-align: left;\">24 Milyon<\/p>\n<p style=\"font-family: athena-regular; color: black; text-align: left;\">Y\u0131ll\u0131k \u00dcretim Kapasitesi<\/p>\n<p>[\/vc_column_text][\/vc_column][\/vc_row][vc_row][vc_column offset=&#8221;vc_hidden-lg vc_hidden-md vc_hidden-sm&#8221;][vc_single_image image=&#8221;5273&#8243; img_size=&#8221;292&#215;278&#8243; css=&#8221;.vc_custom_1655205303718{margin-bottom: 0px !important;padding-bottom: 0px !important;}&#8221; el_class=&#8221;bw-image&#8221;][vc_column_text]<\/p>\n<p style=\"font-size: 40px; font-family: athena-regular; color: black; margin-top: 30px; text-align: left;\">\u00c7erkezk\u00f6y, 2017<\/p>\n<p style=\"font-family: athena-regular; color: black; text-align: left;\">\u0130stanbul Boyahanesi,<\/p>\n<p style=\"font-family: athena-regular; color: black; text-align: left;\">\u00dcretim Tesisi<\/p>\n<p>[\/vc_column_text][\/vc_column][\/vc_row]<\/p>\n","protected":false},"excerpt":{"rendered":"<p>[vc_row full_width=&#8221;stretch_row_content_no_spaces&#8221;][vc_column][\/vc_column][\/vc_row][vc_row css=&#8221;.vc_custom_1655377613314{padding-top: 60px !important;padding-bottom: 120px !important;}&#8221;][vc_column width=&#8221;1\/6&#8243;][\/vc_column][vc_column width=&#8221;2\/3&#8243;][vc_column_text css_animation=&#8221;fadeIn&#8221; css=&#8221;.vc_custom_1665499753017{margin-top: 70px !important;}&#8221;] Hakk\u0131m\u0131zda &nbsp; YILMAZ, 1992 y\u0131l\u0131nda \u0130stanbulda, kalite, inovasyon ve i\u015f\u00e7ili\u011fi merkezine alan bir anlay\u0131\u015fla kurulmu\u015ftur. Ge\u00e7mi\u015ften gelen d\u0131\u015f giyim tekstil \u00fcr\u00fcnleri \u00fcretimi tecr\u00fcbemizi katt\u0131\u011f\u0131m\u0131z YILMAZ Kuma\u015f olarak bizler, kaliteyi\u00a0 \u00f6n planda tutan m\u00fc\u015fteri odakl\u0131 yakla\u015f\u0131m\u0131 benimsiyoruz. &nbsp; Esnek \u00fcretim anlay\u0131\u015f\u0131 ile geni\u015f&hellip;<\/p>\n","protected":false},"author":1,"featured_media":0,"parent":0,"menu_order":0,"comment_status":"closed","ping_status":"closed","template":"","meta":[],"acf":[],"_links":{"self":[{"href":"https:\/\/www.yilmazkumas.com.tr\/tr\/wp-json\/wp\/v2\/pages\/6515"}],"collection":[{"href":"https:\/\/www.yilmazkumas.com.tr\/tr\/wp-json\/wp\/v2\/pages"}],"about":[{"href":"https:\/\/www.yilmazkumas.com.tr\/tr\/wp-json\/wp\/v2\/types\/page"}],"author":[{"embeddable":true,"href":"https:\/\/www.yilmazkumas.com.tr\/tr\/wp-json\/wp\/v2\/users\/1"}],"replies":[{"embeddable":true,"href":"https:\/\/www.yilmazkumas.com.tr\/tr\/wp-json\/wp\/v2\/comments?post=6515"}],"version-history":[{"count":9,"href":"https:\/\/www.yilmazkumas.com.tr\/tr\/wp-json\/wp\/v2\/pages\/6515\/revisions"}],"predecessor-version":[{"id":6601,"href":"https:\/\/www.yilmazkumas.com.tr\/tr\/wp-json\/wp\/v2\/pages\/6515\/revisions\/6601"}],"wp:attachment":[{"href":"https:\/\/www.yilmazkumas.com.tr\/tr\/wp-json\/wp\/v2\/media?parent=6515"}],"curies":[{"name":"wp","href":"https:\/\/api.w.org\/{rel}","templated":true}]}}