{"id":6521,"date":"2022-06-15T10:47:21","date_gmt":"2022-06-15T07:47:21","guid":{"rendered":"https:\/\/www.yilmazkumas.com.tr\/production\/"},"modified":"2022-09-05T12:35:27","modified_gmt":"2022-09-05T09:35:27","slug":"uretim","status":"publish","type":"page","link":"https:\/\/www.yilmazkumas.com.tr\/tr\/uretim\/","title":{"rendered":"\u00dcretim"},"content":{"rendered":"<p>[vc_row full_width=&#8221;stretch_row_content_no_spaces&#8221;][vc_column offset=&#8221;vc_hidden-sm vc_hidden-xs&#8221;]\t\t\t<script src=\"\/\/www.yilmazkumas.com.tr\/wp-content\/plugins\/revslider\/public\/assets\/js\/rbtools.min.js?rev=6.5.24\"><\/script>\n\t\t\t<script src=\"\/\/www.yilmazkumas.com.tr\/wp-content\/plugins\/revslider\/public\/assets\/js\/rs6.min.js?rev=6.5.24\"><\/script>\n\n\t\t\t<!-- START production 1 REVOLUTION SLIDER 6.5.24 --><p class=\"rs-p-wp-fix\"><\/p>\n\t\t\t<rs-module-wrap id=\"rev_slider_48_1_wrapper\" data-source=\"gallery\" style=\"visibility:hidden;background:#eeeeee;padding:0;\">\n\t\t\t\t<rs-module id=\"rev_slider_48_1\" style=\"\" data-version=\"6.5.24\">\n\t\t\t\t\t<rs-slides>\n\t\t\t\t\t\t<rs-slide style=\"position: absolute;\" data-key=\"rs-72\" data-title=\"Interiors\" data-in=\"o:0;\" data-out=\"a:false;\">\n\t\t\t\t\t\t\t<img src=\"\/\/www.yilmazkumas.com.tr\/wp-content\/plugins\/revslider\/public\/assets\/assets\/dummy.png\" alt=\"\" title=\"Thriving-on-innovation-2tr_72.jpeg\" width=\"1280\" height=\"720\" class=\"rev-slidebg tp-rs-img rs-lazyload\" data-lazyload=\"\/\/www.yilmazkumas.com.tr\/wp-content\/uploads\/revslider\/video-media\/Thriving-on-innovation-2tr_72.jpeg\" data-no-retina>\n\t\t\t\t\t\t\t<rs-bgvideo \n\t\t\t\t\t\t\t\tdata-video=\"w:100%;h:100%;nse:false;l:true;ptimer:false;vfc:true;\"\n\t\t\t\t\t\t\t\tdata-mp4=\"\/\/www.yilmazkumas.com.tr\/wp-content\/uploads\/2022\/08\/Thriving-on-innovation-2tr.mp4\"\n\t\t\t\t\t\t\t><\/rs-bgvideo>\n<!---->\t\t\t\t\t\t<\/rs-slide>\n\t\t\t\t\t<\/rs-slides>\n\t\t\t\t<\/rs-module>\n\t\t\t\t<script>\n\t\t\t\t\tsetREVStartSize({c: 'rev_slider_48_1',rl:[1920,1024,1024,1024],el:[500,650,650,650],gw:[1920,1024,1024,1024],gh:[500,500,500,500],type:'standard',justify:'',layout:'fullscreen',offsetContainer:'',offset:'',mh:\"0\"});if (window.RS_MODULES!==undefined && window.RS_MODULES.modules!==undefined && window.RS_MODULES.modules[\"revslider481\"]!==undefined) {window.RS_MODULES.modules[\"revslider481\"].once = false;window.revapi48 = undefined;if (window.RS_MODULES.checkMinimal!==undefined) window.RS_MODULES.checkMinimal()}\n\t\t\t\t<\/script>\n\t\t\t<\/rs-module-wrap>\n\t\t\t<!-- END REVOLUTION SLIDER -->\n[\/vc_column][\/vc_row][vc_row full_width=&#8221;stretch_row_content_no_spaces&#8221;][vc_column offset=&#8221;vc_hidden-lg vc_hidden-md&#8221;][vc_single_image image=&#8221;6588&#8243; img_size=&#8221;full&#8221;][\/vc_column][\/vc_row][vc_row css=&#8221;.vc_custom_1655793950079{margin-top: 110px !important;margin-bottom: 110px !important;padding-top: 10px !important;padding-bottom: 10px !important;}&#8221;][vc_column width=&#8221;1\/6&#8243;][\/vc_column][vc_column width=&#8221;2\/3&#8243;][vc_column_text css_animation=&#8221;fadeIn&#8221; css=&#8221;.vc_custom_1661169862429{padding-top: 10px !important;}&#8221;]<\/p>\n<p style=\"font-size: 23px; text-align: center;\">Tekstil end\u00fcstrisinde inovasyonun ilk ve en \u00f6nemli \u00f6ncelik oldu\u011funa inan\u0131yoruz. Temel g\u00fcc\u00fcm\u00fcz \u00fcretimdeki uzmanl\u0131\u011f\u0131m\u0131z ve h\u0131z\u0131m\u0131zdan geliyor.<\/p>\n<p>&nbsp;<\/p>\n<p style=\"font-size: 23px; text-align: center;\">Faaliyet g\u00f6sterdi\u011fimiz farkl\u0131 pazarlardaki trendleri ve ihtiya\u00e7lar\u0131 analiz etmeye ve \u00fcretimimizi planlamaya odaklan\u0131yoruz. H\u0131zl\u0131 bir servis sa\u011flamak i\u00e7in her g\u00fcn m\u00fc\u015fterilerimizle yak\u0131n \u00e7al\u0131\u015farak ki\u015fiye \u00f6zel \u00e7\u00f6z\u00fcmler geli\u015ftiriyoruz.<\/p>\n<p>&nbsp;<\/p>\n<p style=\"font-size: 23px; text-align: center;\">Esnek \u00fcretim anlay\u0131\u015f\u0131yla geni\u015f bir \u00fcr\u00fcn yelpazesi sunuyoruz. Farkl\u0131 kuma\u015f t\u00fcrlerinde grej sto\u011fu ile h\u0131zl\u0131 teslimat sunuyoruz.<\/p>\n<p>&nbsp;<\/p>\n<p style=\"font-size: 23px; text-align: center;\">YILMAZ&#8217;\u0131n \u00fcretim tesisi olan \u0130stanbul Boyahanesi, son teknoloji terbiye ve boyama teknolojisine sahiptir, ve 2017 y\u0131l\u0131nda \u00c7erkezk\u00f6y Organize Sanayi B\u00f6lgesi&#8217;nde kurulmu\u015ftur.<\/p>\n<p>&nbsp;<\/p>\n<p style=\"font-size: 23px; text-align: center;\">Uluslararas\u0131 standartlara uygun, \u00e7evreye duyarl\u0131 \u00fcretim s\u00fcre\u00e7lerini benimseyen \u0130stanbul Boyahanesi, uluslararas\u0131 olarak akredite edilmi\u015f laboratuvar\u0131yla en y\u00fcksek kaliteyi sa\u011flar.<\/p>\n<p>[\/vc_column_text][\/vc_column][vc_column width=&#8221;1\/6&#8243;][\/vc_column][\/vc_row][vc_row full_width=&#8221;stretch_row&#8221; css=&#8221;.vc_custom_1655378688079{padding-top: 100px !important;padding-bottom: 130px !important;background-color: #f9f9f9 !important;}&#8221;][vc_column][vc_row_inner][vc_column_inner][vc_column_text css=&#8221;.vc_custom_1661169930862{margin-bottom: 50px !important;}&#8221;]<\/p>\n<p style=\"font-size: 35px; font-family: athena-regular; color: black; text-align: center;\">Rakamlarla Istanbul Boyahanesi<\/p>\n<p>[\/vc_column_text][\/vc_column_inner][\/vc_row_inner][vc_row_inner][vc_column_inner width=&#8221;1\/5&#8243;][vc_raw_html]JTIwJTNDZGl2JTIwY2xhc3MlM0QlMjJudW1iZXItYm94JTIyJTNFJTBBJTIwJTIwJTIwJTIwJTIwJTIwJTIwJTIwJTIwJTIwJTIwJTIwJTNDY2VudGVyJTNFJTNDcCUyMGNsYXNzJTNEJTIybnVtYmVyLWJveC1udW1iZXIlMjIlM0UzMC4wMDBtJUMyJUIyJTNDJTJGcCUzRSUzQyUyRmNlbnRlciUzRSUwQSUyMCUyMCUyMCUyMCUyMCUyMCUyMCUyMCUyMCUyMCUyMCUyMCUzQ2NlbnRlciUzRSUzQ3AlMjBjbGFzcyUzRCUyMm51bWJlci1ib3gtdGV4dCUyMiUzRVRvcGxhbSUyMEFsYW4lM0MlMkZwJTNFJTNDJTJGY2VudGVyJTNFJTBBJTNDZGl2JTIwY2xhc3MlM0QlMjJudW1iZXItYm94LXR3byUyMiUzRSUwQSUzQ2NlbnRlciUzRSUwQSUzQ2ltZyUyMHN0eWxlJTNEJTIybWFyZ2luLXRvcCUzQTU1cHglM0IlMjIlMjB3aWR0aCUzRCUyMjQwJTIyJTIwaGVpZ2h0JTNEJTIyNDAlMjIlMjBzcmMlM0QlMjJodHRwJTNBJTJGJTJGd3d3LnlpbG1hemt1bWFzLmNvbS50ciUyRndwLWNvbnRlbnQlMkZ1cGxvYWRzJTJGMjAyMiUyRjA4JTJGZXllLmdpZiUyMiUzRSUwQSUzQyUyRmNlbnRlciUzRSUwQSUzQyUyRmRpdiUzRSUwQSUyMCUyMCUyMCUyMCUyMCUyMCUyMCUyMCUyMCUyMCUzQyUyRmRpdiUzRSUwQSUwQSUyMCUyMCUyMCUyMCUyMCUyMCUyMCUyMCUyMCUyMA==[\/vc_raw_html][\/vc_column_inner][vc_column_inner width=&#8221;1\/5&#8243;][vc_raw_html]JTIwJTNDZGl2JTIwY2xhc3MlM0QlMjJudW1iZXItYm94JTIyJTNFJTBBJTIwJTIwJTIwJTIwJTIwJTIwJTIwJTIwJTIwJTIwJTIwJTIwJTNDY2VudGVyJTNFJTNDcCUyMGNsYXNzJTNEJTIybnVtYmVyLWJveC1udW1iZXIlMjIlM0UxOC4wMDAlMjBtJUMyJUIyJTNDJTJGcCUzRSUzQyUyRmNlbnRlciUzRSUwQSUyMCUyMCUyMCUyMCUyMCUyMCUyMCUyMCUyMCUyMCUyMCUyMCUzQ2NlbnRlciUzRSUzQ3AlMjBjbGFzcyUzRCUyMm51bWJlci1ib3gtdGV4dCUyMiUzRUthcGFsJUM0JUIxJTIwQWxhbiUzQyUyRnAlM0UlM0MlMkZjZW50ZXIlM0UlMEElM0NkaXYlMjBjbGFzcyUzRCUyMm51bWJlci1ib3gtdHdvJTIyJTNFJTBBJTNDY2VudGVyJTNFJTBBJTNDaW1nJTIwc3R5bGUlM0QlMjJtYXJnaW4tdG9wJTNBNTVweCUzQiUyMiUyMHdpZHRoJTNEJTIyNDAlMjIlMjBoZWlnaHQlM0QlMjI0MCUyMiUyMHNyYyUzRCUyMmh0dHAlM0ElMkYlMkZ3d3cueWlsbWF6a3VtYXMuY29tLnRyJTJGd3AtY29udGVudCUyRnVwbG9hZHMlMkYyMDIyJTJGMDglMkZleWUuZ2lmJTIyJTNFJTBBJTNDJTJGY2VudGVyJTNFJTBBJTNDJTJGZGl2JTNFJTBBJTIwJTIwJTIwJTIwJTIwJTIwJTIwJTIwJTIwJTIwJTNDJTJGZGl2JTNFJTBBJTBBJTIwJTIwJTIwJTIwJTIwJTIwJTIwJTIwJTIwJTIw[\/vc_raw_html][\/vc_column_inner][vc_column_inner width=&#8221;1\/5&#8243;][vc_raw_html]JTIwJTNDZGl2JTIwY2xhc3MlM0QlMjJudW1iZXItYm94JTIyJTNFJTBBJTIwJTIwJTIwJTIwJTIwJTIwJTIwJTIwJTIwJTIwJTIwJTIwJTNDY2VudGVyJTNFJTNDcCUyMGNsYXNzJTNEJTIybnVtYmVyLWJveC1udW1iZXIlMjIlM0UyLjAwMC4wMDAlMjBtJTNDJTJGcCUzRSUzQyUyRmNlbnRlciUzRSUwQSUyMCUyMCUyMCUyMCUyMCUyMCUyMCUyMCUyMCUyMCUyMCUyMCUzQ2NlbnRlciUzRSUzQ3AlMjBjbGFzcyUzRCUyMm51bWJlci1ib3gtdGV4dCUyMiUzRUF5bCVDNCVCMWslMjAlQzMlOUNyZXRpbSUyMEthcGFzaXRlc2klM0MlMkZwJTNFJTNDJTJGY2VudGVyJTNFJTBBJTNDZGl2JTIwY2xhc3MlM0QlMjJudW1iZXItYm94LXR3byUyMiUzRSUwQSUzQ2NlbnRlciUzRSUwQSUzQ2ltZyUyMHN0eWxlJTNEJTIybWFyZ2luLXRvcCUzQTU1cHglM0IlMjIlMjB3aWR0aCUzRCUyMjQwJTIyJTIwaGVpZ2h0JTNEJTIyNDAlMjIlMjBzcmMlM0QlMjJodHRwJTNBJTJGJTJGd3d3LnlpbG1hemt1bWFzLmNvbS50ciUyRndwLWNvbnRlbnQlMkZ1cGxvYWRzJTJGMjAyMiUyRjA4JTJGZXllLmdpZiUyMiUzRSUwQSUzQyUyRmNlbnRlciUzRSUwQSUzQyUyRmRpdiUzRSUwQSUyMCUyMCUyMCUyMCUyMCUyMCUyMCUyMCUyMCUyMCUzQyUyRmRpdiUzRSUwQSUwQSUyMCUyMCUyMCUyMCUyMCUyMCUyMCUyMCUyMCUyMA==[\/vc_raw_html][\/vc_column_inner][vc_column_inner width=&#8221;1\/5&#8243;][vc_raw_html]JTIwJTNDZGl2JTIwY2xhc3MlM0QlMjJudW1iZXItYm94JTIyJTNFJTBBJTIwJTIwJTIwJTIwJTIwJTIwJTIwJTIwJTIwJTIwJTIwJTIwJTNDY2VudGVyJTNFJTNDcCUyMGNsYXNzJTNEJTIybnVtYmVyLWJveC1udW1iZXIlMjIlM0UyMDE3JTNDJTJGcCUzRSUzQyUyRmNlbnRlciUzRSUwQSUyMCUyMCUyMCUyMCUyMCUyMCUyMCUyMCUyMCUyMCUyMCUyMCUzQ2NlbnRlciUzRSUzQ3AlMjBjbGFzcyUzRCUyMm51bWJlci1ib3gtdGV4dCUyMiUzRUt1cnVsdSVDNSU5RiUzQyUyRnAlM0UlM0MlMkZjZW50ZXIlM0UlMEElM0NkaXYlMjBjbGFzcyUzRCUyMm51bWJlci1ib3gtdHdvJTIyJTNFJTBBJTNDY2VudGVyJTNFJTBBJTNDaW1nJTIwc3R5bGUlM0QlMjJtYXJnaW4tdG9wJTNBNTVweCUzQiUyMiUyMHdpZHRoJTNEJTIyNDAlMjIlMjBoZWlnaHQlM0QlMjI0MCUyMiUyMHNyYyUzRCUyMmh0dHAlM0ElMkYlMkZ3d3cueWlsbWF6a3VtYXMuY29tLnRyJTJGd3AtY29udGVudCUyRnVwbG9hZHMlMkYyMDIyJTJGMDglMkZleWUuZ2lmJTIyJTNFJTBBJTNDJTJGY2VudGVyJTNFJTBBJTNDJTJGZGl2JTNFJTBBJTIwJTIwJTIwJTIwJTIwJTIwJTIwJTIwJTIwJTIwJTNDJTJGZGl2JTNFJTBBJTBBJTIwJTIwJTIwJTIwJTIwJTIwJTIwJTIwJTIwJTIw[\/vc_raw_html][\/vc_column_inner][vc_column_inner width=&#8221;1\/5&#8243;][vc_raw_html]JTIwJTNDZGl2JTIwY2xhc3MlM0QlMjJudW1iZXItYm94JTIyJTNFJTBBJTIwJTIwJTIwJTIwJTIwJTIwJTIwJTIwJTIwJTIwJTIwJTIwJTNDY2VudGVyJTNFJTNDcCUyMGNsYXNzJTNEJTIybnVtYmVyLWJveC1udW1iZXIlMjIlM0UlMkIxNzUlM0MlMkZwJTNFJTNDJTJGY2VudGVyJTNFJTBBJTIwJTIwJTIwJTIwJTIwJTIwJTIwJTIwJTIwJTIwJTIwJTIwJTNDY2VudGVyJTNFJTNDcCUyMGNsYXNzJTNEJTIybnVtYmVyLWJveC10ZXh0JTIyJTNFJUMzJTg3YWwlQzQlQjElQzUlOUZhbiUzQyUyRnAlM0UlM0MlMkZjZW50ZXIlM0UlMEElM0NkaXYlMjBjbGFzcyUzRCUyMm51bWJlci1ib3gtdHdvJTIyJTNFJTBBJTNDY2VudGVyJTNFJTBBJTNDaW1nJTIwc3R5bGUlM0QlMjJtYXJnaW4tdG9wJTNBNTVweCUzQiUyMiUyMHdpZHRoJTNEJTIyNDAlMjIlMjBoZWlnaHQlM0QlMjI0MCUyMiUyMHNyYyUzRCUyMmh0dHAlM0ElMkYlMkZ3d3cueWlsbWF6a3VtYXMuY29tLnRyJTJGd3AtY29udGVudCUyRnVwbG9hZHMlMkYyMDIyJTJGMDglMkZleWUuZ2lmJTIyJTNFJTBBJTNDJTJGY2VudGVyJTNFJTBBJTNDJTJGZGl2JTNFJTBBJTIwJTIwJTIwJTIwJTIwJTIwJTIwJTIwJTIwJTIwJTNDJTJGZGl2JTNFJTBBJTBBJTIwJTIwJTIwJTIwJTIwJTIwJTIwJTIwJTIwJTIw[\/vc_raw_html][\/vc_column_inner][\/vc_row_inner][\/vc_column][\/vc_row][vc_row full_width=&#8221;stretch_row_content_no_spaces&#8221; css=&#8221;.vc_custom_1655735737133{margin-top: 140px !important;margin-bottom: 110px !important;}&#8221;][vc_column][layerslider_vc id=&#8221;2&#8243;][\/vc_column][\/vc_row][vc_row full_width=&#8221;stretch_row_content_no_spaces&#8221;][vc_column][vc_raw_html]JTNDY2VudGVyJTNFJTBBJTNDaWZyYW1lJTIwd2lkdGglM0QlMjIxMDAlMjUlMjIlMjBoZWlnaHQlM0QlMjI5MDAlMjIlMjBzcmMlM0QlMjJodHRwcyUzQSUyRiUyRnd3dy55b3V0dWJlLmNvbSUyRmVtYmVkJTJGaElRZVJ2LXBLN00lM0Zsb29wJTNEMSUyMiUyMHRpdGxlJTNEJTIyWW91VHViZSUyMHZpZGVvJTIwcGxheWVyJTIyJTIwZnJhbWVib3JkZXIlM0QlMjIwJTIyJTIwYWxsb3clM0QlMjJhY2NlbGVyb21ldGVyJTNCJTIwYXV0b3BsYXklM0IlMjBjbGlwYm9hcmQtd3JpdGUlM0IlMjBlbmNyeXB0ZWQtbWVkaWElM0IlMjBneXJvc2NvcGUlM0IlMjBwaWN0dXJlLWluLXBpY3R1cmUlMjIlMjBhbGxvd2Z1bGxzY3JlZW4lM0UlM0MlMkZpZnJhbWUlM0UlMEElM0MlMkZjZW50ZXIlM0U=[\/vc_raw_html][\/vc_column][\/vc_row][vc_row][vc_column][vc_btn title=&#8221;\u0130stanbul Boyahanesi&#8221; align=&#8221;center&#8221; link=&#8221;url:https%3A%2F%2Fwww.istanbulboyahanesi.com%2F|target:_blank&#8221; css=&#8221;.vc_custom_1655794090540{padding-top: 50px !important;padding-bottom: 70px !important;}&#8221;][\/vc_column][\/vc_row]<\/p>\n","protected":false},"excerpt":{"rendered":"<p>[vc_row full_width=&#8221;stretch_row_content_no_spaces&#8221;][vc_column offset=&#8221;vc_hidden-sm vc_hidden-xs&#8221;][\/vc_column][\/vc_row][vc_row full_width=&#8221;stretch_row_content_no_spaces&#8221;][vc_column offset=&#8221;vc_hidden-lg vc_hidden-md&#8221;][vc_single_image image=&#8221;6588&#8243; img_size=&#8221;full&#8221;][\/vc_column][\/vc_row][vc_row css=&#8221;.vc_custom_1655793950079{margin-top: 110px !important;margin-bottom: 110px !important;padding-top: 10px !important;padding-bottom: 10px !important;}&#8221;][vc_column width=&#8221;1\/6&#8243;][\/vc_column][vc_column width=&#8221;2\/3&#8243;][vc_column_text css_animation=&#8221;fadeIn&#8221; css=&#8221;.vc_custom_1661169862429{padding-top: 10px !important;}&#8221;] Tekstil end\u00fcstrisinde inovasyonun ilk ve en \u00f6nemli \u00f6ncelik oldu\u011funa inan\u0131yoruz. Temel g\u00fcc\u00fcm\u00fcz \u00fcretimdeki uzmanl\u0131\u011f\u0131m\u0131z ve h\u0131z\u0131m\u0131zdan geliyor. &nbsp; Faaliyet g\u00f6sterdi\u011fimiz farkl\u0131 pazarlardaki trendleri ve ihtiya\u00e7lar\u0131 analiz etmeye ve \u00fcretimimizi planlamaya odaklan\u0131yoruz.&hellip;<\/p>\n","protected":false},"author":1,"featured_media":0,"parent":0,"menu_order":0,"comment_status":"open","ping_status":"open","template":"","meta":[],"acf":[],"_links":{"self":[{"href":"https:\/\/www.yilmazkumas.com.tr\/tr\/wp-json\/wp\/v2\/pages\/6521"}],"collection":[{"href":"https:\/\/www.yilmazkumas.com.tr\/tr\/wp-json\/wp\/v2\/pages"}],"about":[{"href":"https:\/\/www.yilmazkumas.com.tr\/tr\/wp-json\/wp\/v2\/types\/page"}],"author":[{"embeddable":true,"href":"https:\/\/www.yilmazkumas.com.tr\/tr\/wp-json\/wp\/v2\/users\/1"}],"replies":[{"embeddable":true,"href":"https:\/\/www.yilmazkumas.com.tr\/tr\/wp-json\/wp\/v2\/comments?post=6521"}],"version-history":[{"count":10,"href":"https:\/\/www.yilmazkumas.com.tr\/tr\/wp-json\/wp\/v2\/pages\/6521\/revisions"}],"predecessor-version":[{"id":6590,"href":"https:\/\/www.yilmazkumas.com.tr\/tr\/wp-json\/wp\/v2\/pages\/6521\/revisions\/6590"}],"wp:attachment":[{"href":"https:\/\/www.yilmazkumas.com.tr\/tr\/wp-json\/wp\/v2\/media?parent=6521"}],"curies":[{"name":"wp","href":"https:\/\/api.w.org\/{rel}","templated":true}]}}