{"id":6539,"date":"2022-06-14T14:40:41","date_gmt":"2022-06-14T11:40:41","guid":{"rendered":"https:\/\/www.yilmazkumas.com.tr\/vision-mission\/"},"modified":"2022-08-22T15:16:30","modified_gmt":"2022-08-22T12:16:30","slug":"vizyon-ve-misyon","status":"publish","type":"page","link":"https:\/\/www.yilmazkumas.com.tr\/tr\/vizyon-ve-misyon\/","title":{"rendered":"Vizyon ve Misyon"},"content":{"rendered":"<p>[vc_row][vc_column][vc_empty_space height=&#8221;50px&#8221;][vc_column_text css_animation=&#8221;fadeInLeft&#8221; css=&#8221;.vc_custom_1661170277007{margin-left: -15px !important;}&#8221;]<\/p>\n<p style=\"font-family: athena-regular; font-size: 40px; color: #333333;\">DE\u011eERLER<\/p>\n<p style=\"font-size: 22px; color: #6d6d6d;\">De\u011ferlerimiz, hayatta ve i\u015fimizde neyin \u00f6nemli oldu\u011funa dair bize y\u00f6n g\u00f6sterir. Biz her zaman daha iyisi i\u00e7in de\u011fi\u015fimi kabul ederken, ideallerimize ba\u011fl\u0131 kal\u0131yoruz.<\/p>\n<p>[\/vc_column_text][vc_empty_space height=&#8221;50px&#8221;][\/vc_column][\/vc_row][vc_row][vc_column css_animation=&#8221;fadeInLeft&#8221; width=&#8221;1\/2&#8243; css=&#8221;.vc_custom_1655890498405{padding-top: 50px !important;}&#8221; el_id=&#8221;video-left&#8221; el_class=&#8221;video-left&#8221;][vc_raw_html]JTNDdmlkZW8lMjB3aWR0aCUzRCUyMjEwMCUyNSUyMiUyMGhlaWdodCUzRCUyMmF1dG8lMjIlMjBhdXRvcGxheSUyMG11dGVkJTNFJTBBJTIwJTIwJTNDc291cmNlJTIwc3JjJTNEJTIyaHR0cCUzQSUyRiUyRnd3dy55aWxtYXprdW1hcy5jb20udHIlMkZ3cC1jb250ZW50JTJGdXBsb2FkcyUyRjIwMjIlMkYwOCUyRllpbG1hei1RdW90ZS0xMDgwLSVDMyU5Ny0yMTYwLXB4LTEubXA0JTIyJTIwdHlwZSUzRCUyMnZpZGVvJTJGbXA0JTIyJTNFJTBBJTNDJTJGdmlkZW8lM0U=[\/vc_raw_html][\/vc_column][vc_column css_animation=&#8221;fadeInRight&#8221; width=&#8221;1\/2&#8243; css=&#8221;.vc_custom_1655887791549{padding-top: 60px !important;padding-left: 70px !important;}&#8221; offset=&#8221;vc_hidden-sm vc_hidden-xs&#8221;][vc_icon icon_linea=&#8221;icon-basic-compass&#8221;][vc_column_text]<\/p>\n<p style=\"font-size: 24px; color: #333333; font-family: athena-regular;\">YEN\u0130L\u0130\u011eE VE DE\u011e\u0130\u015e\u0130ME A\u00c7IK<\/p>\n<p style=\"font-size: 22px;\">Y\u00fcksek teknolojiye sahip otomasyon hassasiyeti ve \u00f6zenli i\u015f\u00e7ili\u011fi birlikte sunmaya inan\u0131yoruz. M\u00fc\u015fterilerimizle a\u00e7\u0131k diyalog yakla\u015f\u0131m\u0131n\u0131 benimsiyor ve sekt\u00f6r\u00fcm\u00fcz\u00fcn b\u00fcy\u00fcmesini sa\u011fl\u0131yoruz.<\/p>\n<p>[\/vc_column_text][vc_icon icon_linea=&#8221;icon-basic-pencil-ruler&#8221;][vc_column_text]<\/p>\n<p style=\"font-size: 24px; color: #333333; font-family: athena-regular;\">KAL\u0130TEYE ODAKLI<\/p>\n<p style=\"font-size: 22px;\">\u00dcretimimizin ve sevkiyat\u0131m\u0131z\u0131n her a\u015famas\u0131nda kalite kontrol\u00fcne b\u00fcy\u00fck \u00f6nem veriyoruz. \u00dcst\u00fcn m\u00fc\u015fteri memnuniyeti ve kusursuz teslimat sa\u011flamak i\u00e7in kalite kontrol\u00fcnde D\u00f6rt Nokta Sistemini kullan\u0131yoruz.<\/p>\n<p>[\/vc_column_text][vc_icon icon_linea=&#8221;icon-basic-heart&#8221;][vc_column_text]<\/p>\n<p style=\"font-size: 24px; color: #333333; font-family: athena-regular;\">\u0130NSAN VE \u00c7EVRE SA\u011eLI\u011eINA DE\u011eER VEREN<\/p>\n<p style=\"font-size: 22px;\">\u00dcretim a\u015famas\u0131nda ve kuma\u015flar\u0131m\u0131z arac\u0131l\u0131\u011f\u0131yla s\u00fcrd\u00fcr\u00fclebilir \u00fcretimi destekliyoruz ve insan sa\u011fl\u0131\u011f\u0131na dikkat ediyoruz.<\/p>\n<p>[\/vc_column_text][vc_icon icon_linea=&#8221;icon-basic-chronometer&#8221;][vc_column_text]<\/p>\n<p style=\"font-size: 24px; color: #333333; font-family: athena-regular;\">HIZLI SERV\u0130S\u00a0 VE TERM\u0130N<\/p>\n<p style=\"font-size: 22px;\">Niteklikli ekip arkada\u015flar\u0131m\u0131z, esnek \u00fcretim proseslerimiz ve mamul depo hizmetimizle m\u00fc\u015fterilerimize h\u0131zl\u0131 servis sa\u011fl\u0131yoruz.<\/p>\n<p>[\/vc_column_text][\/vc_column][\/vc_row][vc_row][vc_column css_animation=&#8221;fadeInLeft&#8221; offset=&#8221;vc_hidden-lg vc_hidden-md&#8221;][vc_icon icon_linea=&#8221;icon-basic-compass&#8221;][vc_column_text]<\/p>\n<p style=\"font-size: 24px; color: #333333; font-family: athena-regular;\">YEN\u0130L\u0130\u011eE VE DE\u011e\u0130\u015e\u0130ME A\u00c7IK<\/p>\n<p style=\"font-size: 22px;\">Y\u00fcksek teknolojiye sahip otomasyon hassasiyeti ve \u00f6zenli i\u015f\u00e7ili\u011fi birlikte sunmaya inan\u0131yoruz. M\u00fc\u015fterilerimizle a\u00e7\u0131k diyalog yakla\u015f\u0131m\u0131n\u0131 benimsiyor ve sekt\u00f6r\u00fcm\u00fcz\u00fcn b\u00fcy\u00fcmesini sa\u011fl\u0131yoruz.<\/p>\n<p>[\/vc_column_text][vc_icon icon_linea=&#8221;icon-basic-pencil-ruler&#8221;][vc_column_text]<\/p>\n<p style=\"font-size: 24px; color: #333333; font-family: athena-regular;\">KAL\u0130TEYE ODAKLI<\/p>\n<p style=\"font-size: 22px;\">\u00dcretimimizin ve sevkiyat\u0131m\u0131z\u0131n her a\u015famas\u0131nda kalite kontrol\u00fcne b\u00fcy\u00fck \u00f6nem veriyoruz. \u00dcst\u00fcn m\u00fc\u015fteri memnuniyeti ve kusursuz teslimat sa\u011flamak i\u00e7in kalite kontrol\u00fcnde D\u00f6rt Nokta Sistemini kullan\u0131yoruz.<\/p>\n<p>[\/vc_column_text][vc_icon icon_linea=&#8221;icon-basic-heart&#8221;][vc_column_text]<\/p>\n<p style=\"font-size: 24px; color: #333333; font-family: athena-regular;\">\u0130NSAN VE \u00c7EVRE SA\u011eLI\u011eINA DE\u011eER VEREN<\/p>\n<p style=\"font-size: 22px;\">\u00dcretim a\u015famas\u0131nda ve kuma\u015flar\u0131m\u0131z arac\u0131l\u0131\u011f\u0131yla s\u00fcrd\u00fcr\u00fclebilir \u00fcretimi destekliyoruz ve insan sa\u011fl\u0131\u011f\u0131na dikkat ediyoruz.<\/p>\n<p>[\/vc_column_text][vc_icon icon_linea=&#8221;icon-basic-chronometer&#8221;][vc_column_text]<\/p>\n<p style=\"font-size: 24px; color: #333333; font-family: athena-regular;\">HIZLI SERV\u0130S\u00a0 VE TERM\u0130N<\/p>\n<p style=\"font-size: 22px;\">Niteklikli ekip arkada\u015flar\u0131m\u0131z, esnek \u00fcretim proseslerimiz ve mamul depo hizmetimizle m\u00fc\u015fterilerimize h\u0131zl\u0131 servis sa\u011fl\u0131yoruz.<\/p>\n<p>[\/vc_column_text][\/vc_column][\/vc_row][vc_row][vc_column][vc_empty_space height=&#8221;80px&#8221;][\/vc_column][\/vc_row][vc_row equal_height=&#8221;yes&#8221;][vc_column css_animation=&#8221;fadeInLeft&#8221; width=&#8221;5\/12&#8243; css=&#8221;.vc_custom_1655887812623{background-image: url(https:\/\/www.yilmazkumas.com.tr\/\/wp-content\/uploads\/2022\/06\/visionmissionleft1-1.png?id=6096) !important;background-position: center !important;background-repeat: no-repeat !important;background-size: cover !important;}&#8221;][vc_empty_space height=&#8221;200px&#8221;][vc_column_text]<\/p>\n<p style=\"font-size: 30px; color: white; font-family: athena-regular; text-align: center;\">Vizyon<\/p>\n<p style=\"font-size: 22px; color: white; text-align: center;\">Amac\u0131m\u0131z, herkes i\u00e7in daha iyi ya\u015fam standartlar\u0131, anlam ve refah sunmak ve \u00f6nde gelen tekstil tedarik\u00e7ilerinden biri olmakt\u0131r.<\/p>\n<p>[\/vc_column_text][vc_empty_space height=&#8221;200px&#8221;][\/vc_column][vc_column width=&#8221;2\/12&#8243;][\/vc_column][vc_column css_animation=&#8221;fadeInRight&#8221; width=&#8221;5\/12&#8243; css=&#8221;.vc_custom_1655887819158{background-image: url(https:\/\/www.yilmazkumas.com.tr\/\/wp-content\/uploads\/2022\/06\/visionmissionright1.png?id=6097) !important;background-position: center !important;background-repeat: no-repeat !important;background-size: cover !important;}&#8221;][vc_empty_space height=&#8221;200px&#8221;][vc_column_text]<\/p>\n<p style=\"font-size: 30px; color: white; font-family: athena-regular; text-align: center;\">Misyon<\/p>\n<p style=\"font-size: 22px; color: white; text-align: center;\">Moda end\u00fcstrisinin en son trendlerini ve ihtiya\u00e7lar\u0131n\u0131 h\u0131zl\u0131 teslimat servisi ile sunan y\u00fcksek kaliteli ve uygun maliyetli kuma\u015flar\u0131m\u0131zla, \u00e7\u00f6z\u00fcm\u00fcn bir par\u00e7as\u0131 olmak \u00f6nceli\u011fimizdir.<\/p>\n<p>[\/vc_column_text][vc_empty_space height=&#8221;200px&#8221;][\/vc_column][\/vc_row][vc_row][vc_column][vc_empty_space height=&#8221;100px&#8221;][\/vc_column][\/vc_row]<\/p>\n","protected":false},"excerpt":{"rendered":"<p>[vc_row][vc_column][vc_empty_space height=&#8221;50px&#8221;][vc_column_text css_animation=&#8221;fadeInLeft&#8221; css=&#8221;.vc_custom_1661170277007{margin-left: -15px !important;}&#8221;] DE\u011eERLER De\u011ferlerimiz, hayatta ve i\u015fimizde neyin \u00f6nemli oldu\u011funa dair bize y\u00f6n g\u00f6sterir. Biz her zaman daha iyisi i\u00e7in de\u011fi\u015fimi kabul ederken, ideallerimize ba\u011fl\u0131 kal\u0131yoruz. [\/vc_column_text][vc_empty_space height=&#8221;50px&#8221;][\/vc_column][\/vc_row][vc_row][vc_column css_animation=&#8221;fadeInLeft&#8221; width=&#8221;1\/2&#8243; css=&#8221;.vc_custom_1655890498405{padding-top: 50px !important;}&#8221; el_id=&#8221;video-left&#8221; el_class=&#8221;video-left&#8221;][vc_raw_html]JTNDdmlkZW8lMjB3aWR0aCUzRCUyMjEwMCUyNSUyMiUyMGhlaWdodCUzRCUyMmF1dG8lMjIlMjBhdXRvcGxheSUyMG11dGVkJTNFJTBBJTIwJTIwJTNDc291cmNlJTIwc3JjJTNEJTIyaHR0cCUzQSUyRiUyRnd3dy55aWxtYXprdW1hcy5jb20udHIlMkZ3cC1jb250ZW50JTJGdXBsb2FkcyUyRjIwMjIlMkYwOCUyRllpbG1hei1RdW90ZS0xMDgwLSVDMyU5Ny0yMTYwLXB4LTEubXA0JTIyJTIwdHlwZSUzRCUyMnZpZGVvJTJGbXA0JTIyJTNFJTBBJTNDJTJGdmlkZW8lM0U=[\/vc_raw_html][\/vc_column][vc_column css_animation=&#8221;fadeInRight&#8221; width=&#8221;1\/2&#8243; css=&#8221;.vc_custom_1655887791549{padding-top: 60px !important;padding-left: 70px !important;}&#8221; offset=&#8221;vc_hidden-sm vc_hidden-xs&#8221;][vc_icon icon_linea=&#8221;icon-basic-compass&#8221;][vc_column_text] YEN\u0130L\u0130\u011eE VE DE\u011e\u0130\u015e\u0130ME A\u00c7IK Y\u00fcksek teknolojiye&hellip;<\/p>\n","protected":false},"author":1,"featured_media":0,"parent":0,"menu_order":0,"comment_status":"closed","ping_status":"closed","template":"","meta":[],"acf":[],"_links":{"self":[{"href":"https:\/\/www.yilmazkumas.com.tr\/tr\/wp-json\/wp\/v2\/pages\/6539"}],"collection":[{"href":"https:\/\/www.yilmazkumas.com.tr\/tr\/wp-json\/wp\/v2\/pages"}],"about":[{"href":"https:\/\/www.yilmazkumas.com.tr\/tr\/wp-json\/wp\/v2\/types\/page"}],"author":[{"embeddable":true,"href":"https:\/\/www.yilmazkumas.com.tr\/tr\/wp-json\/wp\/v2\/users\/1"}],"replies":[{"embeddable":true,"href":"https:\/\/www.yilmazkumas.com.tr\/tr\/wp-json\/wp\/v2\/comments?post=6539"}],"version-history":[{"count":4,"href":"https:\/\/www.yilmazkumas.com.tr\/tr\/wp-json\/wp\/v2\/pages\/6539\/revisions"}],"predecessor-version":[{"id":6543,"href":"https:\/\/www.yilmazkumas.com.tr\/tr\/wp-json\/wp\/v2\/pages\/6539\/revisions\/6543"}],"wp:attachment":[{"href":"https:\/\/www.yilmazkumas.com.tr\/tr\/wp-json\/wp\/v2\/media?parent=6539"}],"curies":[{"name":"wp","href":"https:\/\/api.w.org\/{rel}","templated":true}]}}