{"id":6544,"date":"2015-03-13T08:31:44","date_gmt":"2015-03-13T05:31:44","guid":{"rendered":"https:\/\/www.yilmazkumas.com.tr\/contact-2\/"},"modified":"2022-08-22T15:22:00","modified_gmt":"2022-08-22T12:22:00","slug":"iletisim","status":"publish","type":"page","link":"https:\/\/www.yilmazkumas.com.tr\/tr\/iletisim\/","title":{"rendered":"\u0130leti\u015fim"},"content":{"rendered":"<p>[vc_row][vc_column][vc_column_text]<\/p>\n<p style=\"font-family: athena-regular; color: #ed1c24; font-size: 50px; text-align: center;\">B\u0130ZE ULA\u015eIN<\/p>\n<p>[\/vc_column_text][vc_empty_space][\/vc_column][\/vc_row][vc_row][vc_column width=&#8221;1\/4&#8243;][vc_column_text]<\/p>\n<p style=\"font-family: athena-regular; font-size: 30px; color: black;\">ADRES<\/p>\n<p>Keresteciler Sitesi Zafer Cad. Necmettin Aksoy \u0130\u015f Merkezi No:3<\/p>\n<p>&nbsp;<\/p>\n<p style=\"font-family: athena-regular; font-size: 30px; color: black;\">TELEFON<\/p>\n<p>0212 557 81 50 (pbx)<br \/>\n0212 505 79 96 (pbx)<\/p>\n<p>&nbsp;<\/p>\n<p style=\"font-family: athena-regular; font-size: 30px; color: black;\">E-Posta<\/p>\n<p><a style=\"text-decoration: none; color: #555555;\" href=\"mailto:yilmazkumas@yilmazkumas.com.tr\">yilmazkumas@yilmazkumas.com.tr<\/a>[\/vc_column_text][lab_vc_social_networks display_type=&#8221;rounded-icons&#8221; colored=&#8221;text&#8221;][\/vc_column][vc_column width=&#8221;3\/4&#8243;][vc_gmaps link=&#8221;#E-8_JTNDaWZyYW1lJTIwc3JjJTNEJTIyaHR0cHMlM0ElMkYlMkZ3d3cuZ29vZ2xlLmNvbSUyRm1hcHMlMkZlbWJlZCUzRnBiJTNEJTIxMW0xNCUyMTFtOCUyMTFtMyUyMTFkMTIwNDIuNDYzNDUzMzY4MzEzJTIxMmQyOC44ODM0NjI1JTIxM2Q0MS4wMTE3ODAzJTIxM20yJTIxMWkxMDI0JTIxMmk3NjglMjE0ZjEzLjElMjEzbTMlMjExbTIlMjExczB4MCUyNTNBMHhiNDc3MDY3ZWI4MDlkOTkwJTIxMnpXVWxNVFVGYUlFdFZUVUhGbnNPSFNVeEpTeUJNVkVRdXhaNVV4TEElMjE1ZTAlMjEzbTIlMjExc3RyJTIxMnN0ciUyMTR2MTY1NTczMDk2MjQzOSUyMTVtMiUyMTFzdHIlMjEyc3RyJTIyJTIwd2lkdGglM0QlMjI2MDAlMjIlMjBoZWlnaHQlM0QlMjI0NTAlMjIlMjBzdHlsZSUzRCUyMmJvcmRlciUzQTAlM0IlMjIlMjBhbGxvd2Z1bGxzY3JlZW4lM0QlMjIlMjIlMjBsb2FkaW5nJTNEJTIybGF6eSUyMiUyMHJlZmVycmVycG9saWN5JTNEJTIybm8tcmVmZXJyZXItd2hlbi1kb3duZ3JhZGUlMjIlM0UlM0MlMkZpZnJhbWUlM0U=&#8221;][\/vc_column][\/vc_row][vc_row][vc_column][vc_empty_space height=&#8221;80px&#8221;][lab_contact_form name_title=&#8221;Ad\u0131n\u0131z&#8221; email_title=&#8221;E-Posta&#8221; message_title=&#8221;Mesaj\u0131n\u0131z&#8221; show_subject_field=&#8221;yes&#8221; subject_title=&#8221;Ba\u015fl\u0131k&#8221; submit_title=&#8221;Mesaj G\u00f6nderin&#8221; submit_success=&#8221;Mesaj\u0131n\u0131z \u0130letilmi\u015ftir.&#8221; alert_errors=&#8221;&#8221;][vc_empty_space height=&#8221;80px&#8221;][\/vc_column][\/vc_row]<\/p>\n","protected":false},"excerpt":{"rendered":"<p>[vc_row][vc_column][vc_column_text] B\u0130ZE ULA\u015eIN [\/vc_column_text][vc_empty_space][\/vc_column][\/vc_row][vc_row][vc_column width=&#8221;1\/4&#8243;][vc_column_text] ADRES Keresteciler Sitesi Zafer Cad. Necmettin Aksoy \u0130\u015f Merkezi No:3 &nbsp; TELEFON 0212 557 81 50 (pbx) 0212 505 79 96 (pbx) &nbsp; E-Posta yilmazkumas@yilmazkumas.com.tr[\/vc_column_text][lab_vc_social_networks display_type=&#8221;rounded-icons&#8221; colored=&#8221;text&#8221;][\/vc_column][vc_column width=&#8221;3\/4&#8243;][vc_gmaps link=&#8221;#E-8_JTNDaWZyYW1lJTIwc3JjJTNEJTIyaHR0cHMlM0ElMkYlMkZ3d3cuZ29vZ2xlLmNvbSUyRm1hcHMlMkZlbWJlZCUzRnBiJTNEJTIxMW0xNCUyMTFtOCUyMTFtMyUyMTFkMTIwNDIuNDYzNDUzMzY4MzEzJTIxMmQyOC44ODM0NjI1JTIxM2Q0MS4wMTE3ODAzJTIxM20yJTIxMWkxMDI0JTIxMmk3NjglMjE0ZjEzLjElMjEzbTMlMjExbTIlMjExczB4MCUyNTNBMHhiNDc3MDY3ZWI4MDlkOTkwJTIxMnpXVWxNVFVGYUlFdFZUVUhGbnNPSFNVeEpTeUJNVkVRdXhaNVV4TEElMjE1ZTAlMjEzbTIlMjExc3RyJTIxMnN0ciUyMTR2MTY1NTczMDk2MjQzOSUyMTVtMiUyMTFzdHIlMjEyc3RyJTIyJTIwd2lkdGglM0QlMjI2MDAlMjIlMjBoZWlnaHQlM0QlMjI0NTAlMjIlMjBzdHlsZSUzRCUyMmJvcmRlciUzQTAlM0IlMjIlMjBhbGxvd2Z1bGxzY3JlZW4lM0QlMjIlMjIlMjBsb2FkaW5nJTNEJTIybGF6eSUyMiUyMHJlZmVycmVycG9saWN5JTNEJTIybm8tcmVmZXJyZXItd2hlbi1kb3duZ3JhZGUlMjIlM0UlM0MlMkZpZnJhbWUlM0U=&#8221;][\/vc_column][\/vc_row][vc_row][vc_column][vc_empty_space height=&#8221;80px&#8221;][lab_contact_form name_title=&#8221;Ad\u0131n\u0131z&#8221; email_title=&#8221;E-Posta&#8221; message_title=&#8221;Mesaj\u0131n\u0131z&#8221; show_subject_field=&#8221;yes&#8221; subject_title=&#8221;Ba\u015fl\u0131k&#8221; submit_title=&#8221;Mesaj G\u00f6nderin&#8221; submit_success=&#8221;Mesaj\u0131n\u0131z \u0130letilmi\u015ftir.&#8221; alert_errors=&#8221;&#8221;][vc_empty_space height=&#8221;80px&#8221;][\/vc_column][\/vc_row]<\/p>\n","protected":false},"author":1,"featured_media":0,"parent":0,"menu_order":0,"comment_status":"open","ping_status":"open","template":"","meta":[],"acf":[],"_links":{"self":[{"href":"https:\/\/www.yilmazkumas.com.tr\/tr\/wp-json\/wp\/v2\/pages\/6544"}],"collection":[{"href":"https:\/\/www.yilmazkumas.com.tr\/tr\/wp-json\/wp\/v2\/pages"}],"about":[{"href":"https:\/\/www.yilmazkumas.com.tr\/tr\/wp-json\/wp\/v2\/types\/page"}],"author":[{"embeddable":true,"href":"https:\/\/www.yilmazkumas.com.tr\/tr\/wp-json\/wp\/v2\/users\/1"}],"replies":[{"embeddable":true,"href":"https:\/\/www.yilmazkumas.com.tr\/tr\/wp-json\/wp\/v2\/comments?post=6544"}],"version-history":[{"count":4,"href":"https:\/\/www.yilmazkumas.com.tr\/tr\/wp-json\/wp\/v2\/pages\/6544\/revisions"}],"predecessor-version":[{"id":6548,"href":"https:\/\/www.yilmazkumas.com.tr\/tr\/wp-json\/wp\/v2\/pages\/6544\/revisions\/6548"}],"wp:attachment":[{"href":"https:\/\/www.yilmazkumas.com.tr\/tr\/wp-json\/wp\/v2\/media?parent=6544"}],"curies":[{"name":"wp","href":"https:\/\/api.w.org\/{rel}","templated":true}]}}