{"id":6549,"date":"2022-06-15T15:10:31","date_gmt":"2022-06-15T12:10:31","guid":{"rendered":"https:\/\/www.yilmazkumas.com.tr\/sustainability\/"},"modified":"2022-10-11T18:02:07","modified_gmt":"2022-10-11T15:02:07","slug":"surdurulebilirlik","status":"publish","type":"page","link":"https:\/\/www.yilmazkumas.com.tr\/tr\/surdurulebilirlik\/","title":{"rendered":"S\u00fcrd\u00fcr\u00fclebilirlik"},"content":{"rendered":"<p>[vc_row][vc_column]\n\t\t\t<!-- START sustainability 1 tr REVOLUTION SLIDER 6.5.24 --><p class=\"rs-p-wp-fix\"><\/p>\n\t\t\t<rs-module-wrap id=\"rev_slider_49_1_wrapper\" data-source=\"gallery\" style=\"visibility:hidden;background:transparent;padding:0;margin:0px auto;margin-top:0;margin-bottom:0;\">\n\t\t\t\t<rs-module id=\"rev_slider_49_1\" style=\"\" data-version=\"6.5.24\">\n\t\t\t\t\t<rs-slides>\n\t\t\t\t\t\t<rs-slide style=\"position: absolute;\" data-key=\"rs-73\" data-title=\"Slide\" data-in=\"o:0;\" data-out=\"a:false;\">\n\t\t\t\t\t\t\t<img src=\"\/\/www.yilmazkumas.com.tr\/wp-content\/plugins\/revslider\/public\/assets\/assets\/dummy.png\" alt=\"\" title=\"sustainabilitybg-scaled\" width=\"2560\" height=\"1000\" class=\"rev-slidebg tp-rs-img rs-lazyload\" data-lazyload=\"\/\/www.yilmazkumas.com.tr\/wp-content\/uploads\/2022\/08\/sustainabilitybg-scaled-1.jpg\" data-bg=\"p:left center;\" data-no-retina>\n<!--\n\t\t\t\t\t\t\t--><rs-layer\n\t\t\t\t\t\t\t\tid=\"slider-49-slide-73-layer-7\" \n\t\t\t\t\t\t\t\tdata-type=\"text\"\n\t\t\t\t\t\t\t\tdata-xy=\"x:r;xo:239px;yo:291px;\"\n\t\t\t\t\t\t\t\tdata-text=\"w:normal;\"\n\t\t\t\t\t\t\t\tdata-vbility=\"t,f,f,f\"\n\t\t\t\t\t\t\t\tdata-rsp_o=\"off\"\n\t\t\t\t\t\t\t\tdata-rsp_bd=\"off\"\n\t\t\t\t\t\t\t\tdata-frame_999=\"o:0;st:w;\"\n\t\t\t\t\t\t\t\tstyle=\"z-index:8;font-family:'Roboto';\"\n\t\t\t\t\t\t\t><p style=\"font-family:athena-regular; font-size:90px; color:white;\">Sa\u011fduyulu<\/p> \n\t\t\t\t\t\t\t<\/rs-layer><!--\n\n\t\t\t\t\t\t\t--><rs-layer\n\t\t\t\t\t\t\t\tid=\"slider-49-slide-73-layer-11\" \n\t\t\t\t\t\t\t\tdata-type=\"image\"\n\t\t\t\t\t\t\t\tdata-xy=\"x:r;xo:215px;yo:315px;\"\n\t\t\t\t\t\t\t\tdata-text=\"w:normal;\"\n\t\t\t\t\t\t\t\tdata-dim=\"w:['622px','622px','622px','622px'];h:['194px','194px','194px','194px'];\"\n\t\t\t\t\t\t\t\tdata-vbility=\"t,f,f,f\"\n\t\t\t\t\t\t\t\tdata-rsp_o=\"off\"\n\t\t\t\t\t\t\t\tdata-rsp_bd=\"off\"\n\t\t\t\t\t\t\t\tdata-frame_999=\"o:0;st:w;\"\n\t\t\t\t\t\t\t\tstyle=\"z-index:9;\"\n\t\t\t\t\t\t\t><img src=\"\/\/www.yilmazkumas.com.tr\/wp-content\/plugins\/revslider\/public\/assets\/assets\/dummy.png\" alt=\"\" class=\"tp-rs-img rs-lazyload\" width=\"8000\" height=\"2500\" data-lazyload=\"\/\/www.yilmazkumas.com.tr\/wp-content\/uploads\/2022\/09\/Yilmaz-04-01.png\" data-no-retina> \n\t\t\t\t\t\t\t<\/rs-layer><!--\n\n\t\t\t\t\t\t\t--><rs-layer\n\t\t\t\t\t\t\t\tid=\"slider-49-slide-73-layer-12\" \n\t\t\t\t\t\t\t\tdata-type=\"text\"\n\t\t\t\t\t\t\t\tdata-xy=\"xo:50px,50px,50px,165px;yo:50px,50px,50px,68px;\"\n\t\t\t\t\t\t\t\tdata-text=\"w:normal;s:20,20,20,17;l:25,25,25,22;\"\n\t\t\t\t\t\t\t\tdata-dim=\"w:auto,auto,auto,234px;\"\n\t\t\t\t\t\t\t\tdata-vbility=\"f,f,f,t\"\n\t\t\t\t\t\t\t\tdata-rsp_o=\"off\"\n\t\t\t\t\t\t\t\tdata-rsp_bd=\"off\"\n\t\t\t\t\t\t\t\tdata-frame_0=\"x:0,0,0,0px;y:0,0,0,0px;\"\n\t\t\t\t\t\t\t\tdata-frame_1=\"x:0,0,0,0px;y:0,0,0,0px;\"\n\t\t\t\t\t\t\t\tdata-frame_999=\"o:0;st:w;\"\n\t\t\t\t\t\t\t\tstyle=\"z-index:10;font-family:'Roboto';\"\n\t\t\t\t\t\t\t><p style=\"font-family:athena-regular; font-size:35px; color:white;\">Sa\u011fduyulu<\/p> \n\t\t\t\t\t\t\t<\/rs-layer><!--\n\n\t\t\t\t\t\t\t--><rs-layer\n\t\t\t\t\t\t\t\tid=\"slider-49-slide-73-layer-13\" \n\t\t\t\t\t\t\t\tdata-type=\"image\"\n\t\t\t\t\t\t\t\tdata-xy=\"xo:50px,50px,50px,110px;yo:50px,50px,50px,86px;\"\n\t\t\t\t\t\t\t\tdata-text=\"w:normal;\"\n\t\t\t\t\t\t\t\tdata-dim=\"w:300px,300px,300px,237px;h:180px,180px,180px,74px;\"\n\t\t\t\t\t\t\t\tdata-vbility=\"f,f,f,t\"\n\t\t\t\t\t\t\t\tdata-rsp_o=\"off\"\n\t\t\t\t\t\t\t\tdata-rsp_bd=\"off\"\n\t\t\t\t\t\t\t\tdata-frame_999=\"o:0;st:w;\"\n\t\t\t\t\t\t\t\tstyle=\"z-index:11;\"\n\t\t\t\t\t\t\t><img src=\"\/\/www.yilmazkumas.com.tr\/wp-content\/plugins\/revslider\/public\/assets\/assets\/dummy.png\" alt=\"\" class=\"tp-rs-img rs-lazyload\" width=\"8000\" height=\"2500\" data-lazyload=\"\/\/www.yilmazkumas.com.tr\/wp-content\/uploads\/2022\/09\/Yilmaz-04-01.png\" data-no-retina> \n\t\t\t\t\t\t\t<\/rs-layer><!--\n\n\t\t\t\t\t\t\t--><rs-layer\n\t\t\t\t\t\t\t\tid=\"slider-49-slide-73-layer-14\" \n\t\t\t\t\t\t\t\tdata-type=\"text\"\n\t\t\t\t\t\t\t\tdata-xy=\"xo:50px,50px,409px,409px;yo:50px,50px,258px,258px;\"\n\t\t\t\t\t\t\t\tdata-text=\"w:normal;\"\n\t\t\t\t\t\t\t\tdata-vbility=\"f,f,t,f\"\n\t\t\t\t\t\t\t\tdata-rsp_o=\"off\"\n\t\t\t\t\t\t\t\tdata-rsp_bd=\"off\"\n\t\t\t\t\t\t\t\tdata-frame_999=\"o:0;st:w;\"\n\t\t\t\t\t\t\t\tstyle=\"z-index:12;font-family:'Roboto';\"\n\t\t\t\t\t\t\t><p style=\"font-family:athena-regular; font-size:65px; color:white;\">Sa\u011fduyulu<\/p> \n\t\t\t\t\t\t\t<\/rs-layer><!--\n\n\t\t\t\t\t\t\t--><rs-layer\n\t\t\t\t\t\t\t\tid=\"slider-49-slide-73-layer-15\" \n\t\t\t\t\t\t\t\tdata-type=\"image\"\n\t\t\t\t\t\t\t\tdata-xy=\"xo:50px,50px,308px,308px;yo:50px,50px,279px,279px;\"\n\t\t\t\t\t\t\t\tdata-text=\"w:normal;\"\n\t\t\t\t\t\t\t\tdata-dim=\"w:300px,300px,438px,438px;h:180px,180px,137px,137px;\"\n\t\t\t\t\t\t\t\tdata-vbility=\"f,f,t,f\"\n\t\t\t\t\t\t\t\tdata-rsp_o=\"off\"\n\t\t\t\t\t\t\t\tdata-rsp_bd=\"off\"\n\t\t\t\t\t\t\t\tdata-frame_999=\"o:0;st:w;\"\n\t\t\t\t\t\t\t\tstyle=\"z-index:13;\"\n\t\t\t\t\t\t\t><img src=\"\/\/www.yilmazkumas.com.tr\/wp-content\/plugins\/revslider\/public\/assets\/assets\/dummy.png\" alt=\"\" class=\"tp-rs-img rs-lazyload\" width=\"8000\" height=\"2500\" data-lazyload=\"\/\/www.yilmazkumas.com.tr\/wp-content\/uploads\/2022\/09\/Yilmaz-04-01.png\" data-no-retina> \n\t\t\t\t\t\t\t<\/rs-layer><!--\n-->\t\t\t\t\t\t<\/rs-slide>\n\t\t\t\t\t<\/rs-slides>\n\t\t\t\t<\/rs-module>\n\t\t\t\t<script>\n\t\t\t\t\tsetREVStartSize({c: 'rev_slider_49_1',rl:[1920,1024,778,480],el:[500,720,460,220],gw:[1280,1280,778,480],gh:[500,720,460,220],type:'standard',justify:'',layout:'fullwidth',mh:\"0\"});if (window.RS_MODULES!==undefined && window.RS_MODULES.modules!==undefined && window.RS_MODULES.modules[\"revslider491\"]!==undefined) {window.RS_MODULES.modules[\"revslider491\"].once = false;window.revapi49 = undefined;if (window.RS_MODULES.checkMinimal!==undefined) window.RS_MODULES.checkMinimal()}\n\t\t\t\t<\/script>\n\t\t\t<\/rs-module-wrap>\n\t\t\t<!-- END REVOLUTION SLIDER -->\n[\/vc_column][\/vc_row][vc_row css=&#8221;.vc_custom_1655553021687{padding-top: 150px !important;}&#8221;][vc_column][vc_column_text css_animation=&#8221;fadeIn&#8221;]<\/p>\n<p style=\"font-size: 50px; color: #ed1c24; font-family: athena-regular; text-align: center;\">G\u00fcven ile in\u015fa edilen,<br \/>\n\u00f6m\u00fcrl\u00fck kalite<\/p>\n<p>[\/vc_column_text][\/vc_column][\/vc_row][vc_row css=&#8221;.vc_custom_1655552996880{padding-bottom: 140px !important;}&#8221;][vc_column width=&#8221;1\/6&#8243;][\/vc_column][vc_column width=&#8221;2\/3&#8243;][vc_column_text css_animation=&#8221;fadeIn&#8221;]<\/p>\n<p style=\"font-size: 22px; text-align: center;\">Ger\u00e7ek de\u011ferin ve y\u00fcksek kalitenin zamans\u0131z oldu\u011funa inan\u0131yoruz. Sorumluluk bilincine sahip vizyonumuzla d\u00fcnyan\u0131n her yerindeki m\u00fc\u015fterilerimizin olumlu bir etki yaratmas\u0131na yard\u0131mc\u0131 oluyoruz.<br \/>\nG\u00fcvene dayal\u0131 kalite ve i\u015f ilkelerimiz ile s\u00fcrd\u00fcr\u00fclebilir modan\u0131n kap\u0131lar\u0131n\u0131 a\u00e7\u0131yoruz.<\/p>\n<p>[\/vc_column_text][\/vc_column][vc_column width=&#8221;1\/6&#8243;][\/vc_column][\/vc_row][vc_row full_width=&#8221;stretch_row&#8221; parallax=&#8221;content-moving&#8221; parallax_image=&#8221;4628&#8243; parallax_speed_bg=&#8221;1.4&#8243; css=&#8221;.vc_custom_1655300233399{padding-top: 150px !important;padding-bottom: 150px !important;background-image: url(https:\/\/www.yilmazkumas.com.tr\/\/wp-content\/uploads\/2022\/06\/peoplebackground.jpg?id=5456) !important;background-position: center;background-repeat: no-repeat !important;background-size: cover !important;}&#8221;][vc_column width=&#8221;1\/2&#8243;][vc_column_text css=&#8221;.vc_custom_1661172109531{padding-top: 35px !important;padding-right: 35px !important;padding-bottom: 35px !important;padding-left: 35px !important;background-color: rgba(255,255,255,0.97) !important;*background-color: rgb(255,255,255) !important;}&#8221; el_class=&#8221;text-block-arrow&#8221;]<\/p>\n<p style=\"font-family: athena-regular; font-size: 30px; color: #ed1c24;\">Sayg\u0131l\u0131 ve Etik<\/p>\n<p style=\"font-size: 22px;\">Moda end\u00fcstrisinin etik ve sorumlu vizyonuna inan\u0131yoruz.<\/p>\n<p>[\/vc_column_text][\/vc_column][vc_column width=&#8221;1\/2&#8243;][\/vc_column][\/vc_row][vc_row css=&#8221;.vc_custom_1655553142499{padding-top: 90px !important;padding-bottom: 80px !important;}&#8221;][vc_column][vc_empty_space height=&#8221;60px&#8221;][vc_column_text]<\/p>\n<p style=\"font-family: athena-regular; font-size: 40px; color: #ed1c24; text-align: center;\">DUYARLI \u00dcRET\u0130M<\/p>\n<p style=\"font-size: 22px; text-align: center;\">M\u00fc\u015fterilerimizle birlikte, \u00e7evreyi destekleyen s\u00fcrd\u00fcr\u00fclebilir b\u00fcy\u00fcmeye inan\u0131yoruz.<\/p>\n<p>[\/vc_column_text][vc_empty_space height=&#8221;60px&#8221;][\/vc_column][\/vc_row][vc_row full_width=&#8221;stretch_row_content&#8221; css=&#8221;.vc_custom_1655556712424{background-color: #ededed !important;}&#8221;][vc_column width=&#8221;1\/2&#8243; css=&#8221;.vc_custom_1655802128318{padding-right: 80px !important;padding-left: 80px !important;background-color: #ededed !important;}&#8221; offset=&#8221;vc_hidden-sm vc_hidden-xs&#8221;][vc_empty_space height=&#8221;250px&#8221;][vc_column_text css_animation=&#8221;fadeInLeft&#8221;]<\/p>\n<h3 style=\"text-align: center;\">S\u00fcrd\u00fcr\u00fclebilir hammadde kullan\u0131m\u0131na \u00f6ncelik veriyoruz. Organik hammaddelerden \u00fcretilen organik pamuk koleksiyonumuz, t\u00fcketiciye g\u00fcvence sa\u011flamak i\u00e7in, organik veya organik i\u00e7erik durumunu denetleyen GOTS ve OCS sertifikalar\u0131na uygundur.<\/h3>\n<p>[\/vc_column_text][vc_empty_space height=&#8221;250px&#8221;][\/vc_column][vc_column width=&#8221;1\/2&#8243; css=&#8221;.vc_custom_1655802135102{background-image: url(https:\/\/www.yilmazkumas.com.tr\/\/wp-content\/uploads\/2022\/06\/rightimage.jpg?id=5465) !important;background-position: center !important;background-repeat: no-repeat !important;background-size: cover !important;}&#8221; offset=&#8221;vc_hidden-sm vc_hidden-xs&#8221;][vc_empty_space height=&#8221;800px&#8221;][\/vc_column][\/vc_row][vc_row][vc_column offset=&#8221;vc_hidden-lg vc_hidden-md&#8221;][vc_column_text css_animation=&#8221;bounceInLeft&#8221;]<\/p>\n<h3 style=\"text-align: center;\">S\u00fcrd\u00fcr\u00fclebilir hammadde kullan\u0131m\u0131na \u00f6ncelik veriyoruz. Organik hammaddelerden \u00fcretilen organik pamuk koleksiyonumuz, t\u00fcketiciye g\u00fcvence sa\u011flamak i\u00e7in, organik veya organik i\u00e7erik durumunu denetleyen GOTS ve OCS sertifikalar\u0131na uygundur.<\/h3>\n<p>[\/vc_column_text][vc_empty_space height=&#8221;60px&#8221;][vc_single_image image=&#8221;5465&#8243; img_size=&#8221;full&#8221;][\/vc_column][\/vc_row][vc_row full_width=&#8221;stretch_row_content&#8221; equal_height=&#8221;yes&#8221; content_placement=&#8221;middle&#8221;][vc_column width=&#8221;1\/2&#8243; css=&#8221;.vc_custom_1655802240909{background-image: url(https:\/\/www.yilmazkumas.com.tr\/\/wp-content\/uploads\/2022\/06\/leftimage.jpg?id=5524) !important;background-position: center !important;background-repeat: no-repeat !important;background-size: cover !important;}&#8221; offset=&#8221;vc_hidden-sm vc_hidden-xs&#8221;][\/vc_column][vc_column width=&#8221;1\/2&#8243; css=&#8221;.vc_custom_1655802246571{padding-right: 80px !important;padding-left: 80px !important;}&#8221; offset=&#8221;vc_hidden-sm vc_hidden-xs&#8221;][vc_empty_space height=&#8221;250px&#8221;][vc_column_text css_animation=&#8221;fadeInRight&#8221;]<\/p>\n<h3 style=\"text-align: center;\">\u00dcr\u00fcnlerimizde kullan\u0131lan boyar maddelerin tamam\u0131 ZDHC-Level 3, GOTS ve GRS ile uyumlu ve sertifikal\u0131d\u0131r.<\/h3>\n<p>[\/vc_column_text][vc_column_text css_animation=&#8221;fadeInRight&#8221;]<\/p>\n<h3 style=\"text-align: center;\">\u00dcretimde insan ve \u00e7evre sa\u011fl\u0131\u011f\u0131na zarar vermeyen boya ve kimyasallar\u0131n kullan\u0131m\u0131na \u00f6nem veriyoruz.<\/h3>\n<p>[\/vc_column_text][vc_empty_space height=&#8221;250px&#8221;][\/vc_column][\/vc_row][vc_row][vc_column offset=&#8221;vc_hidden-lg vc_hidden-md&#8221;][vc_empty_space height=&#8221;60px&#8221;][vc_column_text css_animation=&#8221;bounceInRight&#8221;]<\/p>\n<h3 style=\"text-align: center;\">\u00dcr\u00fcnlerimizde kullan\u0131lan boyar maddelerin tamam\u0131 ZDHC-Level 3, GOTS ve GRS ile uyumlu ve sertifikal\u0131d\u0131r.<\/h3>\n<p>[\/vc_column_text][vc_column_text css_animation=&#8221;bounceInRight&#8221;]<\/p>\n<h3 style=\"text-align: center;\">\u00dcretimde insan ve \u00e7evre sa\u011fl\u0131\u011f\u0131na zarar vermeyen boya ve kimyasallar\u0131n kullan\u0131m\u0131na \u00f6nem veriyoruz.<\/h3>\n<p>[\/vc_column_text][vc_single_image image=&#8221;5524&#8243; img_size=&#8221;full&#8221;][\/vc_column][\/vc_row][vc_row full_width=&#8221;stretch_row_content&#8221; css=&#8221;.vc_custom_1655556712424{background-color: #ededed !important;}&#8221;][vc_column width=&#8221;1\/2&#8243; css=&#8221;.vc_custom_1655802392013{padding-right: 80px !important;padding-left: 80px !important;background-color: #ededed !important;}&#8221; offset=&#8221;vc_hidden-sm vc_hidden-xs&#8221;][vc_empty_space height=&#8221;250px&#8221;][vc_column_text css_animation=&#8221;fadeInLeft&#8221;]<\/p>\n<h3 style=\"text-align: center;\">\u00c7evreyi stratejik plan\u0131m\u0131z\u0131n merkezine koyuyor ve s\u00fcrd\u00fcr\u00fclebilir teknolojilere yat\u0131r\u0131m yap\u0131yoruz. \u00dcretim tesisimiz, \u0130stanbul Boyahanesi, \u00fcretim s\u0131ras\u0131nda minimum ayak izi i\u00e7in daha az su ve enerji t\u00fcketimini sa\u011flayan s\u00fcrd\u00fcr\u00fclebilir makine parkuru ile donat\u0131lm\u0131\u015ft\u0131r.<\/h3>\n<p>[\/vc_column_text][vc_empty_space height=&#8221;250px&#8221;][\/vc_column][vc_column width=&#8221;1\/2&#8243; css=&#8221;.vc_custom_1655802397060{background-image: url(https:\/\/www.yilmazkumas.com.tr\/\/wp-content\/uploads\/2022\/06\/rightimage1-1.jpg?id=5529) !important;background-position: center !important;background-repeat: no-repeat !important;background-size: cover !important;}&#8221; offset=&#8221;vc_hidden-sm vc_hidden-xs&#8221;][vc_empty_space height=&#8221;800px&#8221;][\/vc_column][\/vc_row][vc_row][vc_column offset=&#8221;vc_hidden-lg vc_hidden-md&#8221;][vc_empty_space height=&#8221;60px&#8221;][vc_column_text css_animation=&#8221;bounceInLeft&#8221;]<\/p>\n<h3 style=\"text-align: center;\">\u00c7evreyi stratejik plan\u0131m\u0131z\u0131n merkezine koyuyor ve s\u00fcrd\u00fcr\u00fclebilir teknolojilere yat\u0131r\u0131m yap\u0131yoruz. \u00dcretim tesisimiz, \u0130stanbul Boyahanesi, \u00fcretim s\u0131ras\u0131nda minimum ayak izi i\u00e7in daha az su ve enerji t\u00fcketimini sa\u011flayan s\u00fcrd\u00fcr\u00fclebilir makine parkuru ile donat\u0131lm\u0131\u015ft\u0131r.<\/h3>\n<p>[\/vc_column_text][vc_empty_space height=&#8221;60px&#8221;][vc_single_image image=&#8221;5529&#8243; img_size=&#8221;full&#8221;][\/vc_column][\/vc_row][vc_row full_width=&#8221;stretch_row_content&#8221; equal_height=&#8221;yes&#8221; content_placement=&#8221;middle&#8221;][vc_column width=&#8221;1\/2&#8243; css=&#8221;.vc_custom_1655802588331{background-image: url(https:\/\/www.yilmazkumas.com.tr\/\/wp-content\/uploads\/2022\/06\/leftimage2.jpg?id=5533) !important;background-position: center !important;background-repeat: no-repeat !important;background-size: cover !important;}&#8221; offset=&#8221;vc_hidden-sm vc_hidden-xs&#8221;][\/vc_column][vc_column width=&#8221;1\/2&#8243; css=&#8221;.vc_custom_1655802594401{padding-right: 80px !important;padding-left: 80px !important;}&#8221; offset=&#8221;vc_hidden-sm vc_hidden-xs&#8221;][vc_empty_space height=&#8221;250px&#8221;][vc_column_text css_animation=&#8221;fadeInRight&#8221;]<\/p>\n<h3 style=\"text-align: center;\">\u0130\u015fimizi \u015feffafl\u0131k ve d\u00fcr\u00fcstl\u00fck ilkelerine uygun olarak y\u00fcr\u00fct\u00fcyoruz. Etik i\u015fyeri k\u00fclt\u00fcr\u00fcm\u00fczde, ho\u015fg\u00f6r\u00fc, \u015fefkat, sadakat ve d\u00fcr\u00fcstl\u00fc\u011f\u00fc te\u015fvik eden \u00e7al\u0131\u015fan haklar\u0131na ve adil prosed\u00fcrlere \u00f6ncelik veriyoruz. \u0130\u015f kazalar\u0131n\u0131 \u00f6nlemek i\u00e7in i\u015f sa\u011fl\u0131\u011f\u0131 ve g\u00fcvenli\u011fi y\u00f6netimi sa\u011fl\u0131yoruz.<\/h3>\n<p>[\/vc_column_text][vc_empty_space height=&#8221;250px&#8221;][\/vc_column][\/vc_row][vc_row][vc_column offset=&#8221;vc_hidden-lg vc_hidden-md&#8221;][vc_empty_space height=&#8221;60px&#8221;][vc_column_text css_animation=&#8221;bounceInRight&#8221;]<\/p>\n<h3 style=\"text-align: center;\">\u0130\u015fimizi \u015feffafl\u0131k ve d\u00fcr\u00fcstl\u00fck ilkelerine uygun olarak y\u00fcr\u00fct\u00fcyoruz. Etik i\u015fyeri k\u00fclt\u00fcr\u00fcm\u00fczde, ho\u015fg\u00f6r\u00fc, \u015fefkat, sadakat ve d\u00fcr\u00fcstl\u00fc\u011f\u00fc te\u015fvik eden \u00e7al\u0131\u015fan haklar\u0131na ve adil prosed\u00fcrlere \u00f6ncelik veriyoruz. \u0130\u015f kazalar\u0131n\u0131 \u00f6nlemek i\u00e7in i\u015f sa\u011fl\u0131\u011f\u0131 ve g\u00fcvenli\u011fi y\u00f6netimi sa\u011fl\u0131yoruz.<\/h3>\n<p>[\/vc_column_text][vc_empty_space height=&#8221;60px&#8221;][vc_single_image image=&#8221;5533&#8243; img_size=&#8221;full&#8221;][\/vc_column][\/vc_row][vc_row][vc_column][vc_empty_space height=&#8221;140px&#8221;][vc_column_text]<\/p>\n<p style=\"font-family: athena-regular; font-size: 35px; color: #ed1c24; text-align: center;\">SERT\u0130F\u0130KALAR<\/p>\n<p>[\/vc_column_text][vc_empty_space height=&#8221;60px&#8221;][\/vc_column][\/vc_row][vc_row][vc_column width=&#8221;1\/4&#8243;][vc_raw_html]JTNDZGl2JTIwY2xhc3MlM0QlMjJudW1iZXItYm94JTIyJTNFJTBBJTNDZGl2JTIwY2xhc3MlM0QlMjJudW1iZXItYm94LXR3byUyMiUzRSUwQSUzQ2NlbnRlciUzRSUwQSUzQ2ltZyUyMHN0eWxlJTNEJTIybWFyZ2luLXRvcCUzQTU1cHglM0IlMjIlMjB3aWR0aCUzRCUyMjQwJTIyJTIwaGVpZ2h0JTNEJTIyNDAlMjIlMjBzcmMlM0QlMjJodHRwJTNBJTJGJTJGd3d3LnlpbG1hemt1bWFzLmNvbS50ciUyRndwLWNvbnRlbnQlMkZ1cGxvYWRzJTJGMjAyMiUyRjA4JTJGbGlua2ljb24ucG5nJTIyJTNFJTBBJTNDJTJGY2VudGVyJTNFJTBBJTNDJTJGZGl2JTNFJTBBJTNDJTJGZGl2JTNFJTBBJTBBJTIwJTIwJTIwJTIwJTIwJTIwJTIwJTIwJTIwJTIw[\/vc_raw_html][\/vc_column][vc_column width=&#8221;1\/4&#8243;][vc_raw_html]JTIwJTNDZGl2JTIwY2xhc3MlM0QlMjJudW1iZXItYm94MSUyMiUzRSUwQSUzQ2RpdiUyMGNsYXNzJTNEJTIybnVtYmVyLWJveC10d28xJTIyJTNFJTBBJTNDY2VudGVyJTNFJTBBJTNDaW1nJTIwc3R5bGUlM0QlMjJtYXJnaW4tdG9wJTNBNTVweCUzQiUyMiUyMHdpZHRoJTNEJTIyNDAlMjIlMjBoZWlnaHQlM0QlMjI0MCUyMiUyMHNyYyUzRCUyMmh0dHAlM0ElMkYlMkZ3d3cueWlsbWF6a3VtYXMuY29tLnRyJTJGd3AtY29udGVudCUyRnVwbG9hZHMlMkYyMDIyJTJGMDglMkZsaW5raWNvbi5wbmclMjIlM0UlMEElM0MlMkZjZW50ZXIlM0UlMEElM0MlMkZkaXYlM0UlMEElMjAlMjAlMjAlMjAlMjAlMjAlMjAlMjAlMjAlMjAlM0MlMkZkaXYlM0UlMEElMEElMjAlMjAlMjAlMjAlMjAlMjAlMjAlMjAlMjAlMjA=[\/vc_raw_html][\/vc_column][vc_column width=&#8221;1\/4&#8243;][vc_raw_html]JTIwJTNDZGl2JTIwY2xhc3MlM0QlMjJudW1iZXItYm94MiUyMiUzRSUwQSUzQ2RpdiUyMGNsYXNzJTNEJTIybnVtYmVyLWJveC10d28yJTIyJTNFJTBBJTNDY2VudGVyJTNFJTBBJTNDaW1nJTIwc3R5bGUlM0QlMjJtYXJnaW4tdG9wJTNBNTVweCUzQiUyMiUyMHdpZHRoJTNEJTIyNDAlMjIlMjBoZWlnaHQlM0QlMjI0MCUyMiUyMHNyYyUzRCUyMmh0dHAlM0ElMkYlMkZ3d3cueWlsbWF6a3VtYXMuY29tLnRyJTJGd3AtY29udGVudCUyRnVwbG9hZHMlMkYyMDIyJTJGMDglMkZsaW5raWNvbi5wbmclMjIlM0UlMEElM0MlMkZjZW50ZXIlM0UlMEElM0MlMkZkaXYlM0UlMEElMjAlMjAlMjAlMjAlMjAlMjAlMjAlMjAlMjAlMjAlM0MlMkZkaXYlM0UlMEElMEElMjAlMjAlMjAlMjAlMjAlMjAlMjAlMjAlMjAlMjA=[\/vc_raw_html][\/vc_column][vc_column width=&#8221;1\/4&#8243;][vc_raw_html]JTIwJTNDZGl2JTIwY2xhc3MlM0QlMjJudW1iZXItYm94MyUyMiUzRSUwQSUzQ2RpdiUyMGNsYXNzJTNEJTIybnVtYmVyLWJveC10d28zJTIyJTNFJTBBJTNDY2VudGVyJTNFJTBBJTNDaW1nJTIwc3R5bGUlM0QlMjJtYXJnaW4tdG9wJTNBNTVweCUzQiUyMiUyMHdpZHRoJTNEJTIyNDAlMjIlMjBoZWlnaHQlM0QlMjI0MCUyMiUyMHNyYyUzRCUyMmh0dHAlM0ElMkYlMkZ3d3cueWlsbWF6a3VtYXMuY29tLnRyJTJGd3AtY29udGVudCUyRnVwbG9hZHMlMkYyMDIyJTJGMDglMkZsaW5raWNvbi5wbmclMjIlM0UlMEElM0MlMkZjZW50ZXIlM0UlMEElM0MlMkZkaXYlM0UlMEElMjAlMjAlMjAlMjAlMjAlMjAlMjAlMjAlMjAlMjAlM0MlMkZkaXYlM0UlMEElMEElMjAlMjAlMjAlMjAlMjAlMjAlMjAlMjAlMjAlMjA=[\/vc_raw_html][\/vc_column][\/vc_row][vc_row][vc_column width=&#8221;1\/4&#8243;][vc_raw_html]JTIwJTNDZGl2JTIwY2xhc3MlM0QlMjJudW1iZXItYm94NCUyMiUzRSUwQSUzQ2RpdiUyMGNsYXNzJTNEJTIybnVtYmVyLWJveC10d280JTIyJTNFJTBBJTNDY2VudGVyJTNFJTBBJTNDaW1nJTIwc3R5bGUlM0QlMjJtYXJnaW4tdG9wJTNBNTVweCUzQiUyMiUyMHdpZHRoJTNEJTIyNDAlMjIlMjBoZWlnaHQlM0QlMjI0MCUyMiUyMHNyYyUzRCUyMmh0dHAlM0ElMkYlMkZ3d3cueWlsbWF6a3VtYXMuY29tLnRyJTJGd3AtY29udGVudCUyRnVwbG9hZHMlMkYyMDIyJTJGMDglMkZsaW5raWNvbi5wbmclMjIlM0UlMEElM0MlMkZjZW50ZXIlM0UlMEElM0MlMkZkaXYlM0UlMEElMjAlMjAlMjAlMjAlMjAlMjAlMjAlMjAlMjAlMjAlM0MlMkZkaXYlM0UlMEElMEElMjAlMjAlMjAlMjAlMjAlMjAlMjAlMjAlMjAlMjA=[\/vc_raw_html][\/vc_column][vc_column width=&#8221;1\/4&#8243;][vc_raw_html]JTIwJTNDZGl2JTIwY2xhc3MlM0QlMjJudW1iZXItYm94NSUyMiUzRSUwQSUzQ2RpdiUyMGNsYXNzJTNEJTIybnVtYmVyLWJveC10d281JTIyJTNFJTBBJTNDY2VudGVyJTNFJTBBJTNDaW1nJTIwc3R5bGUlM0QlMjJtYXJnaW4tdG9wJTNBNTVweCUzQiUyMiUyMHdpZHRoJTNEJTIyNDAlMjIlMjBoZWlnaHQlM0QlMjI0MCUyMiUyMHNyYyUzRCUyMmh0dHAlM0ElMkYlMkZ3d3cueWlsbWF6a3VtYXMuY29tLnRyJTJGd3AtY29udGVudCUyRnVwbG9hZHMlMkYyMDIyJTJGMDglMkZsaW5raWNvbi5wbmclMjIlM0UlMEElM0MlMkZjZW50ZXIlM0UlMEElM0MlMkZkaXYlM0UlMEElMjAlMjAlMjAlMjAlMjAlMjAlMjAlMjAlMjAlMjAlM0MlMkZkaXYlM0UlMEElMEElMjAlMjAlMjAlMjAlMjAlMjAlMjAlMjAlMjAlMjA=[\/vc_raw_html][\/vc_column][vc_column width=&#8221;1\/4&#8243;][vc_raw_html]JTIwJTNDZGl2JTIwY2xhc3MlM0QlMjJudW1iZXItYm94NiUyMiUzRSUwQSUzQ2RpdiUyMGNsYXNzJTNEJTIybnVtYmVyLWJveC10d282JTIyJTNFJTBBJTNDY2VudGVyJTNFJTBBJTNDaW1nJTIwc3R5bGUlM0QlMjJtYXJnaW4tdG9wJTNBNTVweCUzQiUyMiUyMHdpZHRoJTNEJTIyNDAlMjIlMjBoZWlnaHQlM0QlMjI0MCUyMiUyMHNyYyUzRCUyMmh0dHAlM0ElMkYlMkZ3d3cueWlsbWF6a3VtYXMuY29tLnRyJTJGd3AtY29udGVudCUyRnVwbG9hZHMlMkYyMDIyJTJGMDglMkZsaW5raWNvbi5wbmclMjIlM0UlMEElM0MlMkZjZW50ZXIlM0UlMEElM0MlMkZkaXYlM0UlMEElMjAlMjAlMjAlMjAlMjAlMjAlMjAlMjAlMjAlMjAlM0MlMkZkaXYlM0UlMEElMEElMjAlMjAlMjAlMjAlMjAlMjAlMjAlMjAlMjAlMjA=[\/vc_raw_html][\/vc_column][vc_column width=&#8221;1\/4&#8243;][\/vc_column][\/vc_row][vc_row][vc_column][vc_empty_space height=&#8221;140px&#8221;][\/vc_column][\/vc_row]<\/p>\n","protected":false},"excerpt":{"rendered":"<p>[vc_row][vc_column][\/vc_column][\/vc_row][vc_row css=&#8221;.vc_custom_1655553021687{padding-top: 150px !important;}&#8221;][vc_column][vc_column_text css_animation=&#8221;fadeIn&#8221;] G\u00fcven ile in\u015fa edilen, \u00f6m\u00fcrl\u00fck kalite [\/vc_column_text][\/vc_column][\/vc_row][vc_row css=&#8221;.vc_custom_1655552996880{padding-bottom: 140px !important;}&#8221;][vc_column width=&#8221;1\/6&#8243;][\/vc_column][vc_column width=&#8221;2\/3&#8243;][vc_column_text css_animation=&#8221;fadeIn&#8221;] Ger\u00e7ek de\u011ferin ve y\u00fcksek kalitenin zamans\u0131z oldu\u011funa inan\u0131yoruz. Sorumluluk bilincine sahip vizyonumuzla d\u00fcnyan\u0131n her yerindeki m\u00fc\u015fterilerimizin olumlu bir etki yaratmas\u0131na yard\u0131mc\u0131 oluyoruz. G\u00fcvene dayal\u0131 kalite ve i\u015f ilkelerimiz ile s\u00fcrd\u00fcr\u00fclebilir modan\u0131n kap\u0131lar\u0131n\u0131 a\u00e7\u0131yoruz. [\/vc_column_text][\/vc_column][vc_column width=&#8221;1\/6&#8243;][\/vc_column][\/vc_row][vc_row full_width=&#8221;stretch_row&#8221; parallax=&#8221;content-moving&#8221;&hellip;<\/p>\n","protected":false},"author":1,"featured_media":0,"parent":0,"menu_order":0,"comment_status":"closed","ping_status":"closed","template":"","meta":[],"acf":[],"_links":{"self":[{"href":"https:\/\/www.yilmazkumas.com.tr\/tr\/wp-json\/wp\/v2\/pages\/6549"}],"collection":[{"href":"https:\/\/www.yilmazkumas.com.tr\/tr\/wp-json\/wp\/v2\/pages"}],"about":[{"href":"https:\/\/www.yilmazkumas.com.tr\/tr\/wp-json\/wp\/v2\/types\/page"}],"author":[{"embeddable":true,"href":"https:\/\/www.yilmazkumas.com.tr\/tr\/wp-json\/wp\/v2\/users\/1"}],"replies":[{"embeddable":true,"href":"https:\/\/www.yilmazkumas.com.tr\/tr\/wp-json\/wp\/v2\/comments?post=6549"}],"version-history":[{"count":12,"href":"https:\/\/www.yilmazkumas.com.tr\/tr\/wp-json\/wp\/v2\/pages\/6549\/revisions"}],"predecessor-version":[{"id":6604,"href":"https:\/\/www.yilmazkumas.com.tr\/tr\/wp-json\/wp\/v2\/pages\/6549\/revisions\/6604"}],"wp:attachment":[{"href":"https:\/\/www.yilmazkumas.com.tr\/tr\/wp-json\/wp\/v2\/media?parent=6549"}],"curies":[{"name":"wp","href":"https:\/\/api.w.org\/{rel}","templated":true}]}}