{"id":6619,"date":"2024-12-24T16:06:56","date_gmt":"2024-12-24T13:06:56","guid":{"rendered":"https:\/\/www.yilmazkumas.com.tr\/information-society-services\/"},"modified":"2024-12-24T16:10:42","modified_gmt":"2024-12-24T13:10:42","slug":"bilgi-toplumu-hizmetleri","status":"publish","type":"page","link":"https:\/\/www.yilmazkumas.com.tr\/tr\/bilgi-toplumu-hizmetleri\/","title":{"rendered":"Bilgi Toplumu Hizmetleri"},"content":{"rendered":"<p>[vc_row][vc_column][vc_column_text]<b>F\u0130RMA B\u0130LG\u0130LER\u0130<\/b><\/p>\n<p><span style=\"font-weight: 400;\">Mersis: 0978002532800001<\/span><\/p>\n<p><span style=\"font-weight: 400;\">Ticari Sicil Numaras\u0131: 289530-0<\/span><\/p>\n<p><span style=\"font-weight: 400;\">Ticari Sicil Memurlu\u011fu: \u0130STANBUL T\u0130CARET S\u0130C\u0130L\u0130 M\u00dcD\u00dcRL\u00dc\u011e\u00dc<\/span><\/p>\n<p><span style=\"font-weight: 400;\">Firma Unvan: YILMAZ KUMA\u015e\u00c7ILIK TEKST\u0130L SANAY\u0130 VE T\u0130CARET L\u0130M\u0130TED \u015e\u0130RKET\u0130<\/span><\/p>\n<p><span style=\"font-weight: 400;\">Adres: Mehmet Nesih \u00d6zmen Mah. Zafer Cad. Necmettin Aksoy \u0130\u015f Merkezi No:3 G\u00fcng\u00f6ren \/ \u0130STANBUL<\/span><\/p>\n<p><span style=\"font-weight: 400;\">Taahh\u00fct Edilen Sermaye Miktar\u0131: 100.000.000,00<\/span><\/p>\n<p><span style=\"font-weight: 400;\">\u00d6denmi\u015f Sermaye Miktar\u0131: 59.000.000,00<\/span><\/p>\n<p>&nbsp;<\/p>\n<p><b>M\u00dcD\u00dcRLER KURULU<\/b><\/p>\n<p><span style=\"font-weight: 400;\">M\u00fcd\u00fcrler Kurulu Ba\u015fkan\u0131<\/span><\/p>\n<table>\n<tbody>\n<tr>\n<td><b>Ad Soyad<\/b><\/td>\n<td><span style=\"font-weight: 400;\">Y\u0131lmaz Kuzucu<\/span><\/td>\n<\/tr>\n<tr>\n<td><b>TCKN\/YKN<\/b><\/td>\n<td><span style=\"font-weight: 400;\">***********<\/span><\/td>\n<\/tr>\n<tr>\n<td><b>G\u00f6rev S\u00fcresi<\/b><\/td>\n<td><span style=\"font-weight: 400;\">Aksi karar al\u0131n\u0131ncaya kadar.<\/span><\/td>\n<\/tr>\n<\/tbody>\n<\/table>\n<p>&nbsp;<\/p>\n<p><span style=\"font-weight: 400;\">\u015eirket M\u00fcd\u00fcr\u00fc<\/span><\/p>\n<table>\n<tbody>\n<tr>\n<td><b>Ad Soyad<\/b><\/td>\n<td><span style=\"font-weight: 400;\">Ahmet \u00c7a\u011fr\u0131 Kuzucu<\/span><\/td>\n<\/tr>\n<tr>\n<td><b>TCKN\/YKN<\/b><\/td>\n<td><span style=\"font-weight: 400;\">***********<\/span><\/td>\n<\/tr>\n<tr>\n<td><b>G\u00f6rev S\u00fcresi<\/b><\/td>\n<td><span style=\"font-weight: 400;\">Aksi karar al\u0131n\u0131ncaya kadar.<\/span><\/td>\n<\/tr>\n<\/tbody>\n<\/table>\n<p>&nbsp;<\/p>\n<p><span style=\"font-weight: 400;\">\u015eirket M\u00fcd\u00fcr\u00fc<\/span><\/p>\n<table>\n<tbody>\n<tr>\n<td><b>Ad Soyad<\/b><\/td>\n<td><span style=\"font-weight: 400;\">\u0130pek Kahraman<\/span><\/td>\n<\/tr>\n<tr>\n<td><b>TCKN\/YKN<\/b><\/td>\n<td><span style=\"font-weight: 400;\">***********<\/span><\/td>\n<\/tr>\n<tr>\n<td><b>G\u00f6rev S\u00fcresi<\/b><\/td>\n<td><span style=\"font-weight: 400;\">Aksi karar al\u0131n\u0131ncaya kadar.<\/span><\/td>\n<\/tr>\n<\/tbody>\n<\/table>\n<p>&nbsp;<\/p>\n<table>\n<tbody>\n<tr>\n<td colspan=\"2\"><span style=\"font-weight: 400;\">BA\u011eIMSIZ DENET\u00c7\u0130N\u0130N;<\/span><\/td>\n<\/tr>\n<tr>\n<td><span style=\"font-weight: 400;\">Unvan\u0131<\/span><\/td>\n<td><span style=\"font-weight: 400;\">MBD BA\u011eIMSIZ DENET\u0130M VE YEM\u0130NL\u0130 MAL\u0130 M\u00dc\u015eAV\u0130RL\u0130K ANON\u0130M \u015e\u0130RKET\u0130<\/span><\/td>\n<\/tr>\n<tr>\n<td><span style=\"font-weight: 400;\">Vergi Numaras\u0131<\/span><\/td>\n<td><span style=\"font-weight: 400;\">6130808168<\/span><\/td>\n<\/tr>\n<tr>\n<td><span style=\"font-weight: 400;\">Adresi<\/span><\/td>\n<td><span style=\"font-weight: 400;\">YEN\u0130BOSNA MERKEZ MAH. 29 EK\u0130M CAD. A1 BLOK NO: 5 \u0130\u00c7 KAPI NO: 203 BAH\u00c7EL\u0130EVLER \/ \u0130STANBUL<\/span><\/td>\n<\/tr>\n<tr>\n<td><span style=\"font-weight: 400;\">Mersis No<\/span><\/td>\n<td><span style=\"font-weight: 400;\">0613-0808-1680-0012<\/span><\/td>\n<\/tr>\n<tr>\n<td><span style=\"font-weight: 400;\">Ba\u011f\u0131ms\u0131z Denetim D\u00f6nemi<\/span><\/td>\n<td><span style=\"font-weight: 400;\">01\/01\/2024 \u2013 31\/12\/2024<\/span><\/td>\n<\/tr>\n<\/tbody>\n<\/table>\n<p>[\/vc_column_text][\/vc_column][\/vc_row]<\/p>\n","protected":false},"excerpt":{"rendered":"<p>[vc_row][vc_column][vc_column_text]F\u0130RMA B\u0130LG\u0130LER\u0130 Mersis: 0978002532800001 Ticari Sicil Numaras\u0131: 289530-0 Ticari Sicil Memurlu\u011fu: \u0130STANBUL T\u0130CARET S\u0130C\u0130L\u0130 M\u00dcD\u00dcRL\u00dc\u011e\u00dc Firma Unvan: YILMAZ KUMA\u015e\u00c7ILIK TEKST\u0130L SANAY\u0130 VE T\u0130CARET L\u0130M\u0130TED \u015e\u0130RKET\u0130 Adres: Mehmet Nesih \u00d6zmen Mah. Zafer Cad. Necmettin Aksoy \u0130\u015f Merkezi No:3 G\u00fcng\u00f6ren \/ \u0130STANBUL Taahh\u00fct Edilen Sermaye Miktar\u0131: 100.000.000,00 \u00d6denmi\u015f Sermaye Miktar\u0131: 59.000.000,00 &nbsp; M\u00dcD\u00dcRLER KURULU M\u00fcd\u00fcrler Kurulu Ba\u015fkan\u0131&hellip;<\/p>\n","protected":false},"author":1,"featured_media":0,"parent":0,"menu_order":0,"comment_status":"closed","ping_status":"closed","template":"","meta":[],"acf":[],"_links":{"self":[{"href":"https:\/\/www.yilmazkumas.com.tr\/tr\/wp-json\/wp\/v2\/pages\/6619"}],"collection":[{"href":"https:\/\/www.yilmazkumas.com.tr\/tr\/wp-json\/wp\/v2\/pages"}],"about":[{"href":"https:\/\/www.yilmazkumas.com.tr\/tr\/wp-json\/wp\/v2\/types\/page"}],"author":[{"embeddable":true,"href":"https:\/\/www.yilmazkumas.com.tr\/tr\/wp-json\/wp\/v2\/users\/1"}],"replies":[{"embeddable":true,"href":"https:\/\/www.yilmazkumas.com.tr\/tr\/wp-json\/wp\/v2\/comments?post=6619"}],"version-history":[{"count":2,"href":"https:\/\/www.yilmazkumas.com.tr\/tr\/wp-json\/wp\/v2\/pages\/6619\/revisions"}],"predecessor-version":[{"id":6622,"href":"https:\/\/www.yilmazkumas.com.tr\/tr\/wp-json\/wp\/v2\/pages\/6619\/revisions\/6622"}],"wp:attachment":[{"href":"https:\/\/www.yilmazkumas.com.tr\/tr\/wp-json\/wp\/v2\/media?parent=6619"}],"curies":[{"name":"wp","href":"https:\/\/api.w.org\/{rel}","templated":true}]}}